{"id":329,"date":"2023-01-05T10:20:58","date_gmt":"2023-01-05T09:20:58","guid":{"rendered":"https:\/\/chevaletprovence.fr\/?page_id=329"},"modified":"2025-10-12T17:06:13","modified_gmt":"2025-10-12T15:06:13","slug":"labels-engagements","status":"publish","type":"page","link":"https:\/\/chevaletprovence.fr\/index.php\/labels-engagements\/","title":{"rendered":"LABELS &#038; ENGAGEMENTS"},"content":{"rendered":"\n<p>Notre centre \u00e9questre a \u00e9t\u00e9 labellis\u00e9 par la F\u00e9d\u00e9ration Fran\u00e7aise d&rsquo;\u00c9quitation afin de vous assurer la meilleure des exp\u00e9riences \u00e9questres ainsi que le respect de nos chevaux et poneys car l&rsquo;\u00e9quitation, c&rsquo;est d&rsquo;abord l&rsquo;amour des \u00e9quid\u00e9s.<\/p>\n\n\n\n<figure class=\"wp-block-image size-large\"><img fetchpriority=\"high\" decoding=\"async\" width=\"1024\" height=\"768\" src=\"https:\/\/chevaletprovence.fr\/wp-content\/uploads\/2023\/01\/Remplacement-Image-Labels-1024x768.jpg\" alt=\"\" class=\"wp-image-550\" srcset=\"https:\/\/chevaletprovence.fr\/wp-content\/uploads\/2023\/01\/Remplacement-Image-Labels-1024x768.jpg 1024w, https:\/\/chevaletprovence.fr\/wp-content\/uploads\/2023\/01\/Remplacement-Image-Labels-300x225.jpg 300w, https:\/\/chevaletprovence.fr\/wp-content\/uploads\/2023\/01\/Remplacement-Image-Labels-768x576.jpg 768w, https:\/\/chevaletprovence.fr\/wp-content\/uploads\/2023\/01\/Remplacement-Image-Labels-1536x1152.jpg 1536w, https:\/\/chevaletprovence.fr\/wp-content\/uploads\/2023\/01\/Remplacement-Image-Labels-2048x1536.jpg 2048w, https:\/\/chevaletprovence.fr\/wp-content\/uploads\/2023\/01\/Remplacement-Image-Labels-1140x855.jpg 1140w\" sizes=\"(max-width: 1024px) 100vw, 1024px\" \/><\/figure>\n\n\n\n<p><\/p>\n\n\n\n<p class=\"has-text-align-left\">Nous nous engageons \u00e0 travailler exclusivement avec des intervenants dipl\u00f4m\u00e9s.<\/p>\n\n\n\n<p>Nous s\u00e9lectionnons nos intervenants parmi les titulaires des dipl\u00f4mes suivants : <\/p>\n\n\n\n<p>&#8211; Certificat de Qualification Professionnelle Animateur Soigneur Assistant (C.Q.P.A.S.A)<br><em>Ce dipl\u00f4me atteste la qualification de nos intervenants pour l&rsquo;enseignement exclusif dans les cours de premiers niveaux. <\/em><\/p>\n\n\n\n<p>&#8211; Dipl\u00f4me d&rsquo;\u00c9tat de la Jeunesse, \u00c9ducation Populaire et Sport &#8211; Sports \u00c9questres<br><em>Les titulaires de ce dipl\u00f4me ont la capacit\u00e9 d&rsquo;enseigner \u00e0 tous les niveaux et d&rsquo;accompagner les cavaliers d\u00e9sireux de faire de la comp\u00e9tition en qualit\u00e9 de coach. <\/em><\/p>\n\n\n\n<p>L&rsquo;une de nos intervenantes, dipl\u00f4m\u00e9e d&rsquo;\u00c9tat en tant qu&rsquo;\u00e9ducatrice sp\u00e9cialis\u00e9e, est en mesure d&rsquo;encadrer les cavaliers porteurs d&rsquo;un handicap. <\/p>\n\n\n<div class=\"wp-block-image\">\n<figure class=\"aligncenter size-full\"><img decoding=\"async\" width=\"121\" height=\"192\" src=\"https:\/\/chevaletprovence.fr\/wp-content\/uploads\/2023\/01\/Label-Qualite-FFE.png\" alt=\"\" class=\"wp-image-336\"\/><\/figure>\n<\/div>\n\n\n<p>Ce label vous assure de notre enti\u00e8re attention quant \u00e0 vos attentes vis \u00e0 vis de l&rsquo;\u00e9quitation et lors de la pratique de ce sport et ses disciplines au sein de notre club.<\/p>\n\n\n\n<p>Il vous assure \u00e9galement que :<\/p>\n\n\n\n<p>&#8211; Nos installations sont adapt\u00e9es aux activit\u00e9s que nous proposons.<\/p>\n\n\n\n<p>&#8211; Nos \u00e9quid\u00e9s font l&rsquo;objet d&rsquo;un suivi s\u00e9rieux assurant leur bien-\u00eatre. <\/p>\n\n\n\n<p>&#8211; Nos intervenants sont qualifi\u00e9s et dipl\u00f4m\u00e9s. <\/p>\n\n\n\n<p>&#8211; Nos projets p\u00e9dagogiques sont adapt\u00e9s aux besoins de chacun.<\/p>\n\n\n\n<p>&#8211; Votre s\u00e9curit\u00e9 est l&rsquo;une de nos priorit\u00e9s. <\/p>\n\n\n<div class=\"wp-block-image\">\n<figure class=\"aligncenter size-full\"><img decoding=\"async\" width=\"185\" height=\"192\" src=\"https:\/\/chevaletprovence.fr\/wp-content\/uploads\/2023\/01\/logo-poney-club.png\" alt=\"\" class=\"wp-image-337\"\/><\/figure>\n<\/div>\n\n\n<p>Les parents, proches et encadrants d&rsquo;enfants et adolescents sont assur\u00e9s que notre centre \u00e9questre r\u00e9pond aux exigences de la F.F.E en mati\u00e8re d&rsquo;enseignement, p\u00e9dagogie et activit\u00e9s avec nos poneys. <\/p>\n\n\n<div class=\"wp-block-image\">\n<figure class=\"aligncenter size-full\"><img loading=\"lazy\" decoding=\"async\" width=\"180\" height=\"192\" src=\"https:\/\/chevaletprovence.fr\/wp-content\/uploads\/2023\/01\/logo-cheval-club2.png\" alt=\"\" class=\"wp-image-343\"\/><\/figure>\n<\/div>\n\n\n<p>Nos grands cavaliers ont la garantie que l&rsquo;enseignement, la p\u00e9dagogie et les activit\u00e9s pratiqu\u00e9es sur des chevaux respectent les exigences de la F.F.E pour une exp\u00e9rience optimale. <\/p>\n\n\n<div class=\"wp-block-image\">\n<figure class=\"aligncenter size-full\"><img loading=\"lazy\" decoding=\"async\" width=\"167\" height=\"192\" src=\"https:\/\/chevaletprovence.fr\/wp-content\/uploads\/2023\/01\/label-bien-etre.png\" alt=\"\" class=\"wp-image-339\"\/><\/figure>\n<\/div>\n\n\n<p>Nos \u00e9quid\u00e9s sont le c\u0153ur m\u00eame de notre passion et notre m\u00e9tier. Nous nous sommes engag\u00e9s dans une d\u00e9marche de valorisation du bien-\u00eatre animal allant au-del\u00e0 des exigences l\u00e9gales. <\/p>\n\n\n<div class=\"wp-block-image\">\n<figure class=\"aligncenter size-full is-resized\"><img loading=\"lazy\" decoding=\"async\" width=\"417\" height=\"395\" src=\"https:\/\/chevaletprovence.fr\/wp-content\/uploads\/2024\/09\/cheval-etape.jpg\" alt=\"\" class=\"wp-image-3544\" style=\"width:208px;height:auto\" srcset=\"https:\/\/chevaletprovence.fr\/wp-content\/uploads\/2024\/09\/cheval-etape.jpg 417w, https:\/\/chevaletprovence.fr\/wp-content\/uploads\/2024\/09\/cheval-etape-300x284.jpg 300w\" sizes=\"(max-width: 417px) 100vw, 417px\" \/><\/figure>\n<\/div>\n\n\n<p>Nous proposons aux cavaliers des boxes et paddocks de qualit\u00e9 pour accueillir les \u00e9quid\u00e9s lors de d\u00e9placement. Nous disposons \u00e9galement de solutions de logement pour les cavaliers afin de vous proposer une \u00e9tape inoubliable avec votre compagnon. <\/p>\n\n\n\n<p class=\"has-text-align-center\"><em>N&rsquo;h\u00e9sitez pas \u00e0 consulter le site <a rel=\"noreferrer noopener\" href=\"https:\/\/www.ffe.com\/pratiquer\/labels\" target=\"_blank\">www.ffe.com<\/a> o\u00f9 notre centre \u00e9questre est r\u00e9f\u00e9renc\u00e9. <\/em><\/p>\n\n\n\n<p><\/p>\n","protected":false},"excerpt":{"rendered":"<p>Notre centre \u00e9questre a \u00e9t\u00e9 labellis\u00e9 par la F\u00e9d\u00e9ration Fran\u00e7aise d&rsquo;\u00c9quitation afin de vous assurer la meilleure des exp\u00e9riences \u00e9questres ainsi que le respect de nos chevaux et poneys car l&rsquo;\u00e9quitation, c&rsquo;est d&rsquo;abord l&rsquo;amour des \u00e9quid\u00e9s. Nous nous engageons \u00e0 travailler exclusivement avec des intervenants dipl\u00f4m\u00e9s. Nous s\u00e9lectionnons nos intervenants parmi les titulaires des dipl\u00f4mes suivants : &#8211; Certificat de Qualification Professionnelle Animateur Soigneur Assistant (C.Q.P.A.S.A)Ce dipl\u00f4me atteste la qualification de nos intervenants pour l&rsquo;enseignement exclusif dans les cours de premiers niveaux. &#8211; Dipl\u00f4me d&rsquo;\u00c9tat de la Jeunesse, \u00c9ducation Populaire et Sport &#8211; Sports \u00c9questresLes titulaires de ce dipl\u00f4me ont la capacit\u00e9 d&rsquo;enseigner \u00e0 tous les niveaux et d&rsquo;accompagner les cavaliers d\u00e9sireux de faire de la comp\u00e9tition en qualit\u00e9 de coach. L&rsquo;une de nos intervenantes, dipl\u00f4m\u00e9e d&rsquo;\u00c9tat en tant qu&rsquo;\u00e9ducatrice sp\u00e9cialis\u00e9e, est en mesure d&rsquo;encadrer les cavaliers porteurs d&rsquo;un handicap. Ce label vous assure de notre enti\u00e8re attention quant \u00e0 vos attentes vis \u00e0 vis de l&rsquo;\u00e9quitation et lors de la pratique de ce sport et ses disciplines au sein de notre club. Il vous assure \u00e9galement que : &#8211; Nos installations sont adapt\u00e9es aux activit\u00e9s que nous proposons. &#8211; Nos \u00e9quid\u00e9s font l&rsquo;objet d&rsquo;un suivi s\u00e9rieux assurant leur bien-\u00eatre. &#8211; Nos intervenants sont qualifi\u00e9s et dipl\u00f4m\u00e9s. &#8211; Nos projets p\u00e9dagogiques sont adapt\u00e9s aux besoins de chacun. &#8211; Votre s\u00e9curit\u00e9 est l&rsquo;une de nos priorit\u00e9s. Les parents, proches et encadrants d&rsquo;enfants et adolescents sont assur\u00e9s que notre centre \u00e9questre r\u00e9pond aux exigences de la F.F.E en mati\u00e8re d&rsquo;enseignement, p\u00e9dagogie et activit\u00e9s avec nos poneys. Nos grands cavaliers ont la garantie que l&rsquo;enseignement, la p\u00e9dagogie et les activit\u00e9s pratiqu\u00e9es sur des chevaux respectent les exigences de la F.F.E pour une exp\u00e9rience optimale. Nos \u00e9quid\u00e9s sont le c\u0153ur m\u00eame de notre passion et notre m\u00e9tier. Nous nous sommes engag\u00e9s dans une d\u00e9marche de valorisation du bien-\u00eatre animal allant au-del\u00e0 des exigences l\u00e9gales. Nous proposons aux cavaliers des boxes et paddocks de qualit\u00e9 pour accueillir les \u00e9quid\u00e9s lors de d\u00e9placement. Nous disposons \u00e9galement de solutions de logement pour les cavaliers afin de vous proposer une \u00e9tape inoubliable avec votre compagnon. N&rsquo;h\u00e9sitez pas \u00e0 consulter le site www.ffe.com o\u00f9 notre centre \u00e9questre est r\u00e9f\u00e9renc\u00e9.<\/p>\n","protected":false},"author":1,"featured_media":0,"parent":0,"menu_order":0,"comment_status":"closed","ping_status":"closed","template":"","meta":{"footnotes":""},"class_list":["post-329","page","type-page","status-publish","hentry"],"_links":{"self":[{"href":"https:\/\/chevaletprovence.fr\/index.php\/wp-json\/wp\/v2\/pages\/329","targetHints":{"allow":["GET"]}}],"collection":[{"href":"https:\/\/chevaletprovence.fr\/index.php\/wp-json\/wp\/v2\/pages"}],"about":[{"href":"https:\/\/chevaletprovence.fr\/index.php\/wp-json\/wp\/v2\/types\/page"}],"author":[{"embeddable":true,"href":"https:\/\/chevaletprovence.fr\/index.php\/wp-json\/wp\/v2\/users\/1"}],"replies":[{"embeddable":true,"href":"https:\/\/chevaletprovence.fr\/index.php\/wp-json\/wp\/v2\/comments?post=329"}],"version-history":[{"count":11,"href":"https:\/\/chevaletprovence.fr\/index.php\/wp-json\/wp\/v2\/pages\/329\/revisions"}],"predecessor-version":[{"id":7817,"href":"https:\/\/chevaletprovence.fr\/index.php\/wp-json\/wp\/v2\/pages\/329\/revisions\/7817"}],"wp:attachment":[{"href":"https:\/\/chevaletprovence.fr\/index.php\/wp-json\/wp\/v2\/media?parent=329"}],"curies":[{"name":"wp","href":"https:\/\/api.w.org\/{rel}","templated":true}]}}