{"id":381,"date":"2023-01-05T11:41:13","date_gmt":"2023-01-05T10:41:13","guid":{"rendered":"http:\/\/chevaletprovence.fr\/?page_id=381"},"modified":"2024-01-23T14:43:30","modified_gmt":"2024-01-23T13:43:30","slug":"balades","status":"publish","type":"page","link":"https:\/\/chevaletprovence.fr\/index.php\/balades\/","title":{"rendered":"LES BALADES"},"content":{"rendered":"\n<p>Notre club vous propose deux types de balades, que vous soyez d\u00e9j\u00e0 cavalier(s) ou que vous d\u00e9couvriez notre passion. <\/p>\n\n\n\n<figure class=\"wp-block-image size-large\"><img fetchpriority=\"high\" decoding=\"async\" width=\"1024\" height=\"768\" src=\"http:\/\/chevaletprovence.fr\/wp-content\/uploads\/2023\/01\/IMG_1960-1024x768.jpeg\" alt=\"\" class=\"wp-image-468\" srcset=\"https:\/\/chevaletprovence.fr\/wp-content\/uploads\/2023\/01\/IMG_1960-1024x768.jpeg 1024w, https:\/\/chevaletprovence.fr\/wp-content\/uploads\/2023\/01\/IMG_1960-300x225.jpeg 300w, https:\/\/chevaletprovence.fr\/wp-content\/uploads\/2023\/01\/IMG_1960-768x576.jpeg 768w, https:\/\/chevaletprovence.fr\/wp-content\/uploads\/2023\/01\/IMG_1960-1536x1152.jpeg 1536w, https:\/\/chevaletprovence.fr\/wp-content\/uploads\/2023\/01\/IMG_1960-2048x1536.jpeg 2048w, https:\/\/chevaletprovence.fr\/wp-content\/uploads\/2023\/01\/IMG_1960-1140x855.jpeg 1140w\" sizes=\"(max-width: 1024px) 100vw, 1024px\" \/><\/figure>\n\n\n\n<p><\/p>\n\n\n\n<p class=\"has-text-color\" style=\"color:#65402e\">\u2022 La balade des Petitous \u2022<\/p>\n\n\n\n<p>Cette promenade au c\u0153ur du club est un excellent moyen de faire d\u00e9couvrir l&rsquo;\u00e9quitation aux plus jeunes et de rassurer les parents qui tiendront le poney que nous vous mettons \u00e0 disposition. Durant une heure, d\u00e9couvrez notre centre \u00e9questre librement.<br>Nous vous proposons cette balade au tarif de <strong>15\u20ac<\/strong> <strong>par cavalier. <\/strong><\/p>\n\n\n\n<figure class=\"wp-block-gallery has-nested-images columns-default is-cropped wp-block-gallery-1 is-layout-flex wp-block-gallery-is-layout-flex\">\n<figure class=\"wp-block-image size-large\"><img decoding=\"async\" width=\"768\" height=\"1024\" data-id=\"472\" src=\"http:\/\/chevaletprovence.fr\/wp-content\/uploads\/2023\/01\/076ba048-fa55-46b8-a366-52ea44b0c519-768x1024.jpg\" alt=\"\" class=\"wp-image-472\" srcset=\"https:\/\/chevaletprovence.fr\/wp-content\/uploads\/2023\/01\/076ba048-fa55-46b8-a366-52ea44b0c519-768x1024.jpg 768w, https:\/\/chevaletprovence.fr\/wp-content\/uploads\/2023\/01\/076ba048-fa55-46b8-a366-52ea44b0c519-225x300.jpg 225w, https:\/\/chevaletprovence.fr\/wp-content\/uploads\/2023\/01\/076ba048-fa55-46b8-a366-52ea44b0c519-1152x1536.jpg 1152w, https:\/\/chevaletprovence.fr\/wp-content\/uploads\/2023\/01\/076ba048-fa55-46b8-a366-52ea44b0c519-1140x1520.jpg 1140w, https:\/\/chevaletprovence.fr\/wp-content\/uploads\/2023\/01\/076ba048-fa55-46b8-a366-52ea44b0c519.jpg 1536w\" sizes=\"(max-width: 768px) 100vw, 768px\" \/><\/figure>\n\n\n\n<figure class=\"wp-block-image size-large\"><img decoding=\"async\" width=\"768\" height=\"1024\" data-id=\"471\" src=\"http:\/\/chevaletprovence.fr\/wp-content\/uploads\/2023\/01\/IMG_0945-768x1024.jpeg\" alt=\"\" class=\"wp-image-471\" srcset=\"https:\/\/chevaletprovence.fr\/wp-content\/uploads\/2023\/01\/IMG_0945-768x1024.jpeg 768w, https:\/\/chevaletprovence.fr\/wp-content\/uploads\/2023\/01\/IMG_0945-225x300.jpeg 225w, https:\/\/chevaletprovence.fr\/wp-content\/uploads\/2023\/01\/IMG_0945-1152x1536.jpeg 1152w, https:\/\/chevaletprovence.fr\/wp-content\/uploads\/2023\/01\/IMG_0945-1536x2048.jpeg 1536w, https:\/\/chevaletprovence.fr\/wp-content\/uploads\/2023\/01\/IMG_0945-1140x1520.jpeg 1140w, https:\/\/chevaletprovence.fr\/wp-content\/uploads\/2023\/01\/IMG_0945-scaled.jpeg 1920w\" sizes=\"(max-width: 768px) 100vw, 768px\" \/><\/figure>\n\n\n\n<figure class=\"wp-block-image size-large\"><img loading=\"lazy\" decoding=\"async\" width=\"768\" height=\"1024\" data-id=\"474\" src=\"http:\/\/chevaletprovence.fr\/wp-content\/uploads\/2023\/01\/IMG_2822-768x1024.jpeg\" alt=\"\" class=\"wp-image-474\" srcset=\"https:\/\/chevaletprovence.fr\/wp-content\/uploads\/2023\/01\/IMG_2822-768x1024.jpeg 768w, https:\/\/chevaletprovence.fr\/wp-content\/uploads\/2023\/01\/IMG_2822-225x300.jpeg 225w, https:\/\/chevaletprovence.fr\/wp-content\/uploads\/2023\/01\/IMG_2822-1152x1536.jpeg 1152w, https:\/\/chevaletprovence.fr\/wp-content\/uploads\/2023\/01\/IMG_2822-1536x2048.jpeg 1536w, https:\/\/chevaletprovence.fr\/wp-content\/uploads\/2023\/01\/IMG_2822-1140x1520.jpeg 1140w, https:\/\/chevaletprovence.fr\/wp-content\/uploads\/2023\/01\/IMG_2822-scaled.jpeg 1920w\" sizes=\"(max-width: 768px) 100vw, 768px\" \/><\/figure>\n\n\n\n<figure class=\"wp-block-image size-large\"><img loading=\"lazy\" decoding=\"async\" width=\"768\" height=\"1024\" data-id=\"473\" src=\"http:\/\/chevaletprovence.fr\/wp-content\/uploads\/2023\/01\/IMG_2824-768x1024.jpeg\" alt=\"\" class=\"wp-image-473\" srcset=\"https:\/\/chevaletprovence.fr\/wp-content\/uploads\/2023\/01\/IMG_2824-768x1024.jpeg 768w, https:\/\/chevaletprovence.fr\/wp-content\/uploads\/2023\/01\/IMG_2824-225x300.jpeg 225w, https:\/\/chevaletprovence.fr\/wp-content\/uploads\/2023\/01\/IMG_2824-1152x1536.jpeg 1152w, https:\/\/chevaletprovence.fr\/wp-content\/uploads\/2023\/01\/IMG_2824-1536x2048.jpeg 1536w, https:\/\/chevaletprovence.fr\/wp-content\/uploads\/2023\/01\/IMG_2824-1140x1520.jpeg 1140w, https:\/\/chevaletprovence.fr\/wp-content\/uploads\/2023\/01\/IMG_2824-scaled.jpeg 1920w\" sizes=\"(max-width: 768px) 100vw, 768px\" \/><\/figure>\n\n\n\n<figure class=\"wp-block-image size-large\"><img loading=\"lazy\" decoding=\"async\" width=\"768\" height=\"1024\" data-id=\"475\" src=\"http:\/\/chevaletprovence.fr\/wp-content\/uploads\/2023\/01\/IMG_4471-768x1024.jpeg\" alt=\"\" class=\"wp-image-475\" srcset=\"https:\/\/chevaletprovence.fr\/wp-content\/uploads\/2023\/01\/IMG_4471-768x1024.jpeg 768w, https:\/\/chevaletprovence.fr\/wp-content\/uploads\/2023\/01\/IMG_4471-225x300.jpeg 225w, https:\/\/chevaletprovence.fr\/wp-content\/uploads\/2023\/01\/IMG_4471-1152x1536.jpeg 1152w, https:\/\/chevaletprovence.fr\/wp-content\/uploads\/2023\/01\/IMG_4471-1536x2048.jpeg 1536w, https:\/\/chevaletprovence.fr\/wp-content\/uploads\/2023\/01\/IMG_4471-1140x1520.jpeg 1140w, https:\/\/chevaletprovence.fr\/wp-content\/uploads\/2023\/01\/IMG_4471-scaled.jpeg 1920w\" sizes=\"(max-width: 768px) 100vw, 768px\" \/><\/figure>\n<\/figure>\n\n\n\n<p><\/p>\n\n\n\n<p class=\"has-text-color\" style=\"color:#65402e\">\u2022 La balade Proven\u00e7ale \u2022<\/p>\n\n\n\n<p>Chevauchez au c\u0153ur d&rsquo;un paysage typique de notre belle Provence. D\u00e9couvrez les vignes, profitez des panoramas offerts par le Mont Ventoux et les Dentelles de Montmirail en toile de fond durant une heure de promenade. Cette balade peut s&rsquo;adapter \u00e0 tous les niveaux, nous prions nos aimables cavaliers de r\u00e9server cette escapade \u00e0 partir de deux personnes. Nous tenons \u00e0 rassurer les d\u00e9butants qui pourront b\u00e9n\u00e9ficier d&rsquo;une initiation dans notre carri\u00e8re avant le d\u00e9part pour \u00eatre parfaitement \u00e0 l&rsquo;aise et profiter de cette parenth\u00e8se dans la campagne. <br>Nous vous proposons cette Balade au tarif de <strong>55\u20ac par cavalier. <\/strong><\/p>\n\n\n\n<figure class=\"wp-block-gallery has-nested-images columns-default is-cropped wp-block-gallery-2 is-layout-flex wp-block-gallery-is-layout-flex\">\n<figure class=\"wp-block-image size-large\"><img loading=\"lazy\" decoding=\"async\" width=\"768\" height=\"1024\" data-id=\"476\" src=\"http:\/\/chevaletprovence.fr\/wp-content\/uploads\/2023\/01\/IMG_2524-768x1024.jpeg\" alt=\"\" class=\"wp-image-476\" srcset=\"https:\/\/chevaletprovence.fr\/wp-content\/uploads\/2023\/01\/IMG_2524-768x1024.jpeg 768w, https:\/\/chevaletprovence.fr\/wp-content\/uploads\/2023\/01\/IMG_2524-225x300.jpeg 225w, https:\/\/chevaletprovence.fr\/wp-content\/uploads\/2023\/01\/IMG_2524-1152x1536.jpeg 1152w, https:\/\/chevaletprovence.fr\/wp-content\/uploads\/2023\/01\/IMG_2524-1536x2048.jpeg 1536w, https:\/\/chevaletprovence.fr\/wp-content\/uploads\/2023\/01\/IMG_2524-1140x1520.jpeg 1140w, https:\/\/chevaletprovence.fr\/wp-content\/uploads\/2023\/01\/IMG_2524-scaled.jpeg 1920w\" sizes=\"(max-width: 768px) 100vw, 768px\" \/><\/figure>\n\n\n\n<figure class=\"wp-block-image size-large\"><img loading=\"lazy\" decoding=\"async\" width=\"768\" height=\"1024\" data-id=\"477\" src=\"http:\/\/chevaletprovence.fr\/wp-content\/uploads\/2023\/01\/IMG_2754-768x1024.jpeg\" alt=\"\" class=\"wp-image-477\" srcset=\"https:\/\/chevaletprovence.fr\/wp-content\/uploads\/2023\/01\/IMG_2754-768x1024.jpeg 768w, https:\/\/chevaletprovence.fr\/wp-content\/uploads\/2023\/01\/IMG_2754-225x300.jpeg 225w, https:\/\/chevaletprovence.fr\/wp-content\/uploads\/2023\/01\/IMG_2754-1152x1536.jpeg 1152w, https:\/\/chevaletprovence.fr\/wp-content\/uploads\/2023\/01\/IMG_2754-1536x2048.jpeg 1536w, https:\/\/chevaletprovence.fr\/wp-content\/uploads\/2023\/01\/IMG_2754-1140x1520.jpeg 1140w, https:\/\/chevaletprovence.fr\/wp-content\/uploads\/2023\/01\/IMG_2754-scaled.jpeg 1920w\" sizes=\"(max-width: 768px) 100vw, 768px\" \/><\/figure>\n\n\n\n<figure class=\"wp-block-image size-large\"><img loading=\"lazy\" decoding=\"async\" width=\"768\" height=\"1024\" data-id=\"478\" src=\"http:\/\/chevaletprovence.fr\/wp-content\/uploads\/2023\/01\/IMG_3020-768x1024.jpeg\" alt=\"\" class=\"wp-image-478\" srcset=\"https:\/\/chevaletprovence.fr\/wp-content\/uploads\/2023\/01\/IMG_3020-768x1024.jpeg 768w, https:\/\/chevaletprovence.fr\/wp-content\/uploads\/2023\/01\/IMG_3020-225x300.jpeg 225w, https:\/\/chevaletprovence.fr\/wp-content\/uploads\/2023\/01\/IMG_3020-1152x1536.jpeg 1152w, https:\/\/chevaletprovence.fr\/wp-content\/uploads\/2023\/01\/IMG_3020-1536x2048.jpeg 1536w, https:\/\/chevaletprovence.fr\/wp-content\/uploads\/2023\/01\/IMG_3020-1140x1520.jpeg 1140w, https:\/\/chevaletprovence.fr\/wp-content\/uploads\/2023\/01\/IMG_3020-scaled.jpeg 1920w\" sizes=\"(max-width: 768px) 100vw, 768px\" \/><\/figure>\n\n\n\n<figure class=\"wp-block-image size-large\"><img loading=\"lazy\" decoding=\"async\" width=\"768\" height=\"1024\" data-id=\"479\" src=\"http:\/\/chevaletprovence.fr\/wp-content\/uploads\/2023\/01\/IMG_3370-768x1024.jpeg\" alt=\"\" class=\"wp-image-479\" srcset=\"https:\/\/chevaletprovence.fr\/wp-content\/uploads\/2023\/01\/IMG_3370-768x1024.jpeg 768w, https:\/\/chevaletprovence.fr\/wp-content\/uploads\/2023\/01\/IMG_3370-225x300.jpeg 225w, https:\/\/chevaletprovence.fr\/wp-content\/uploads\/2023\/01\/IMG_3370-1152x1536.jpeg 1152w, https:\/\/chevaletprovence.fr\/wp-content\/uploads\/2023\/01\/IMG_3370-1536x2048.jpeg 1536w, https:\/\/chevaletprovence.fr\/wp-content\/uploads\/2023\/01\/IMG_3370-1140x1520.jpeg 1140w, https:\/\/chevaletprovence.fr\/wp-content\/uploads\/2023\/01\/IMG_3370-scaled.jpeg 1920w\" sizes=\"(max-width: 768px) 100vw, 768px\" \/><\/figure>\n\n\n\n<figure class=\"wp-block-image size-large\"><img loading=\"lazy\" decoding=\"async\" width=\"768\" height=\"1024\" data-id=\"480\" src=\"http:\/\/chevaletprovence.fr\/wp-content\/uploads\/2023\/01\/IMG_6021-768x1024.jpeg\" alt=\"\" class=\"wp-image-480\" srcset=\"https:\/\/chevaletprovence.fr\/wp-content\/uploads\/2023\/01\/IMG_6021-768x1024.jpeg 768w, https:\/\/chevaletprovence.fr\/wp-content\/uploads\/2023\/01\/IMG_6021-225x300.jpeg 225w, https:\/\/chevaletprovence.fr\/wp-content\/uploads\/2023\/01\/IMG_6021-1152x1536.jpeg 1152w, https:\/\/chevaletprovence.fr\/wp-content\/uploads\/2023\/01\/IMG_6021-1536x2048.jpeg 1536w, https:\/\/chevaletprovence.fr\/wp-content\/uploads\/2023\/01\/IMG_6021-1140x1520.jpeg 1140w, https:\/\/chevaletprovence.fr\/wp-content\/uploads\/2023\/01\/IMG_6021-scaled.jpeg 1920w\" sizes=\"(max-width: 768px) 100vw, 768px\" \/><\/figure>\n\n\n\n<figure class=\"wp-block-image size-large\"><img loading=\"lazy\" decoding=\"async\" width=\"1024\" height=\"768\" data-id=\"481\" src=\"http:\/\/chevaletprovence.fr\/wp-content\/uploads\/2023\/01\/IMG_6037-1024x768.jpeg\" alt=\"\" class=\"wp-image-481\" srcset=\"https:\/\/chevaletprovence.fr\/wp-content\/uploads\/2023\/01\/IMG_6037-1024x768.jpeg 1024w, https:\/\/chevaletprovence.fr\/wp-content\/uploads\/2023\/01\/IMG_6037-300x225.jpeg 300w, https:\/\/chevaletprovence.fr\/wp-content\/uploads\/2023\/01\/IMG_6037-768x576.jpeg 768w, https:\/\/chevaletprovence.fr\/wp-content\/uploads\/2023\/01\/IMG_6037-1536x1152.jpeg 1536w, https:\/\/chevaletprovence.fr\/wp-content\/uploads\/2023\/01\/IMG_6037-2048x1536.jpeg 2048w, https:\/\/chevaletprovence.fr\/wp-content\/uploads\/2023\/01\/IMG_6037-1140x855.jpeg 1140w\" sizes=\"(max-width: 1024px) 100vw, 1024px\" \/><\/figure>\n<\/figure>\n","protected":false},"excerpt":{"rendered":"<p>Notre club vous propose deux types de balades, que vous soyez d\u00e9j\u00e0 cavalier(s) ou que vous d\u00e9couvriez notre passion. \u2022 La balade des Petitous \u2022 Cette promenade au c\u0153ur du club est un excellent moyen de faire d\u00e9couvrir l&rsquo;\u00e9quitation aux plus jeunes et de rassurer les parents qui tiendront le poney que nous vous mettons \u00e0 disposition. Durant une heure, d\u00e9couvrez notre centre \u00e9questre librement.Nous vous proposons cette balade au tarif de 15\u20ac par cavalier. \u2022 La balade Proven\u00e7ale \u2022 Chevauchez au c\u0153ur d&rsquo;un paysage typique de notre belle Provence. D\u00e9couvrez les vignes, profitez des panoramas offerts par le Mont Ventoux et les Dentelles de Montmirail en toile de fond durant une heure de promenade. Cette balade peut s&rsquo;adapter \u00e0 tous les niveaux, nous prions nos aimables cavaliers de r\u00e9server cette escapade \u00e0 partir de deux personnes. Nous tenons \u00e0 rassurer les d\u00e9butants qui pourront b\u00e9n\u00e9ficier d&rsquo;une initiation dans notre carri\u00e8re avant le d\u00e9part pour \u00eatre parfaitement \u00e0 l&rsquo;aise et profiter de cette parenth\u00e8se dans la campagne. Nous vous proposons cette Balade au tarif de 55\u20ac par cavalier.<\/p>\n","protected":false},"author":1,"featured_media":0,"parent":0,"menu_order":0,"comment_status":"closed","ping_status":"closed","template":"","meta":{"footnotes":""},"class_list":["post-381","page","type-page","status-publish","hentry"],"_links":{"self":[{"href":"https:\/\/chevaletprovence.fr\/index.php\/wp-json\/wp\/v2\/pages\/381","targetHints":{"allow":["GET"]}}],"collection":[{"href":"https:\/\/chevaletprovence.fr\/index.php\/wp-json\/wp\/v2\/pages"}],"about":[{"href":"https:\/\/chevaletprovence.fr\/index.php\/wp-json\/wp\/v2\/types\/page"}],"author":[{"embeddable":true,"href":"https:\/\/chevaletprovence.fr\/index.php\/wp-json\/wp\/v2\/users\/1"}],"replies":[{"embeddable":true,"href":"https:\/\/chevaletprovence.fr\/index.php\/wp-json\/wp\/v2\/comments?post=381"}],"version-history":[{"count":8,"href":"https:\/\/chevaletprovence.fr\/index.php\/wp-json\/wp\/v2\/pages\/381\/revisions"}],"predecessor-version":[{"id":1571,"href":"https:\/\/chevaletprovence.fr\/index.php\/wp-json\/wp\/v2\/pages\/381\/revisions\/1571"}],"wp:attachment":[{"href":"https:\/\/chevaletprovence.fr\/index.php\/wp-json\/wp\/v2\/media?parent=381"}],"curies":[{"name":"wp","href":"https:\/\/api.w.org\/{rel}","templated":true}]}}