{"id":385,"date":"2023-01-05T11:45:15","date_gmt":"2023-01-05T10:45:15","guid":{"rendered":"http:\/\/chevaletprovence.fr\/?page_id=385"},"modified":"2023-01-06T21:23:10","modified_gmt":"2023-01-06T20:23:10","slug":"les-stages","status":"publish","type":"page","link":"https:\/\/chevaletprovence.fr\/index.php\/les-stages\/","title":{"rendered":"LES STAGES"},"content":{"rendered":"\n<p>Lors des vacances scolaires, notre club propose des stages ouverts \u00e0 tous et dont vous pouvez \u00e9tablir la dur\u00e9e sur les plages propos\u00e9es. <\/p>\n\n\n\n<p>Nous proposons de l&rsquo;initiation, du perfectionnement, la pr\u00e9paration aux Galops de la F\u00e9d\u00e9ration Fran\u00e7aise d&rsquo;\u00c9quitation ainsi que des stages \u00e0 th\u00e8mes. <\/p>\n\n\n\n<p>Nous informons nos aimables cavaliers que nous ne prenons pas la responsabilit\u00e9 de faire passer les examens des Galops F\u00e9d\u00e9raux aux non-membres. <\/p>\n\n\n\n<p>Pour conna\u00eetre nos futurs stages, nous vous invitons \u00e0 consulter la page <a href=\"http:\/\/chevaletprovence.fr\/index.php\/actualites\/\">Actualit\u00e9s<\/a>. Vous pouvez prendre contact avec nous pour conna\u00eetre les tarifs propres \u00e0 chaque stage. <\/p>\n\n\n\n<figure class=\"wp-block-gallery has-nested-images columns-default is-cropped wp-block-gallery-1 is-layout-flex wp-block-gallery-is-layout-flex\">\n<figure class=\"wp-block-image size-large\"><img fetchpriority=\"high\" decoding=\"async\" width=\"683\" height=\"1024\" data-id=\"511\" src=\"http:\/\/chevaletprovence.fr\/wp-content\/uploads\/2023\/01\/DSC1761-Exposure2-683x1024.jpg\" alt=\"\" class=\"wp-image-511\" srcset=\"https:\/\/chevaletprovence.fr\/wp-content\/uploads\/2023\/01\/DSC1761-Exposure2-683x1024.jpg 683w, https:\/\/chevaletprovence.fr\/wp-content\/uploads\/2023\/01\/DSC1761-Exposure2-200x300.jpg 200w, https:\/\/chevaletprovence.fr\/wp-content\/uploads\/2023\/01\/DSC1761-Exposure2-768x1152.jpg 768w, https:\/\/chevaletprovence.fr\/wp-content\/uploads\/2023\/01\/DSC1761-Exposure2-1024x1536.jpg 1024w, https:\/\/chevaletprovence.fr\/wp-content\/uploads\/2023\/01\/DSC1761-Exposure2-1365x2048.jpg 1365w, https:\/\/chevaletprovence.fr\/wp-content\/uploads\/2023\/01\/DSC1761-Exposure2-1140x1710.jpg 1140w, https:\/\/chevaletprovence.fr\/wp-content\/uploads\/2023\/01\/DSC1761-Exposure2-scaled.jpg 1707w\" sizes=\"(max-width: 683px) 100vw, 683px\" \/><\/figure>\n\n\n\n<figure class=\"wp-block-image size-large\"><img decoding=\"async\" width=\"732\" height=\"1024\" data-id=\"512\" src=\"http:\/\/chevaletprovence.fr\/wp-content\/uploads\/2023\/01\/9a69a8eb-a1b9-4596-af36-815bbb7352ef-732x1024.jpg\" alt=\"\" class=\"wp-image-512\" srcset=\"https:\/\/chevaletprovence.fr\/wp-content\/uploads\/2023\/01\/9a69a8eb-a1b9-4596-af36-815bbb7352ef-732x1024.jpg 732w, https:\/\/chevaletprovence.fr\/wp-content\/uploads\/2023\/01\/9a69a8eb-a1b9-4596-af36-815bbb7352ef-214x300.jpg 214w, https:\/\/chevaletprovence.fr\/wp-content\/uploads\/2023\/01\/9a69a8eb-a1b9-4596-af36-815bbb7352ef-768x1074.jpg 768w, https:\/\/chevaletprovence.fr\/wp-content\/uploads\/2023\/01\/9a69a8eb-a1b9-4596-af36-815bbb7352ef-1098x1536.jpg 1098w, https:\/\/chevaletprovence.fr\/wp-content\/uploads\/2023\/01\/9a69a8eb-a1b9-4596-af36-815bbb7352ef.jpg 1133w\" sizes=\"(max-width: 732px) 100vw, 732px\" \/><\/figure>\n\n\n\n<figure class=\"wp-block-image size-large\"><img decoding=\"async\" width=\"768\" height=\"1024\" data-id=\"513\" src=\"http:\/\/chevaletprovence.fr\/wp-content\/uploads\/2023\/01\/71f11d13-7755-41c6-b5da-092ab86c35cb-768x1024.jpg\" alt=\"\" class=\"wp-image-513\" srcset=\"https:\/\/chevaletprovence.fr\/wp-content\/uploads\/2023\/01\/71f11d13-7755-41c6-b5da-092ab86c35cb-768x1024.jpg 768w, https:\/\/chevaletprovence.fr\/wp-content\/uploads\/2023\/01\/71f11d13-7755-41c6-b5da-092ab86c35cb-225x300.jpg 225w, https:\/\/chevaletprovence.fr\/wp-content\/uploads\/2023\/01\/71f11d13-7755-41c6-b5da-092ab86c35cb-1152x1536.jpg 1152w, https:\/\/chevaletprovence.fr\/wp-content\/uploads\/2023\/01\/71f11d13-7755-41c6-b5da-092ab86c35cb-1140x1520.jpg 1140w, https:\/\/chevaletprovence.fr\/wp-content\/uploads\/2023\/01\/71f11d13-7755-41c6-b5da-092ab86c35cb.jpg 1200w\" sizes=\"(max-width: 768px) 100vw, 768px\" \/><\/figure>\n\n\n\n<figure class=\"wp-block-image size-large\"><img loading=\"lazy\" decoding=\"async\" width=\"768\" height=\"1024\" data-id=\"515\" src=\"http:\/\/chevaletprovence.fr\/wp-content\/uploads\/2023\/01\/315f5d2e-73a6-41cf-8c88-08969371ba46-768x1024.jpg\" alt=\"\" class=\"wp-image-515\" srcset=\"https:\/\/chevaletprovence.fr\/wp-content\/uploads\/2023\/01\/315f5d2e-73a6-41cf-8c88-08969371ba46-768x1024.jpg 768w, https:\/\/chevaletprovence.fr\/wp-content\/uploads\/2023\/01\/315f5d2e-73a6-41cf-8c88-08969371ba46-225x300.jpg 225w, https:\/\/chevaletprovence.fr\/wp-content\/uploads\/2023\/01\/315f5d2e-73a6-41cf-8c88-08969371ba46-1152x1536.jpg 1152w, https:\/\/chevaletprovence.fr\/wp-content\/uploads\/2023\/01\/315f5d2e-73a6-41cf-8c88-08969371ba46-1140x1520.jpg 1140w, https:\/\/chevaletprovence.fr\/wp-content\/uploads\/2023\/01\/315f5d2e-73a6-41cf-8c88-08969371ba46.jpg 1200w\" sizes=\"(max-width: 768px) 100vw, 768px\" \/><\/figure>\n\n\n\n<figure class=\"wp-block-image size-large\"><img loading=\"lazy\" decoding=\"async\" width=\"768\" height=\"1024\" data-id=\"516\" src=\"http:\/\/chevaletprovence.fr\/wp-content\/uploads\/2023\/01\/83161c1b-cc07-4bcc-9b42-88755708bcd2-768x1024.jpg\" alt=\"\" class=\"wp-image-516\" srcset=\"https:\/\/chevaletprovence.fr\/wp-content\/uploads\/2023\/01\/83161c1b-cc07-4bcc-9b42-88755708bcd2-768x1024.jpg 768w, https:\/\/chevaletprovence.fr\/wp-content\/uploads\/2023\/01\/83161c1b-cc07-4bcc-9b42-88755708bcd2-225x300.jpg 225w, https:\/\/chevaletprovence.fr\/wp-content\/uploads\/2023\/01\/83161c1b-cc07-4bcc-9b42-88755708bcd2-1152x1536.jpg 1152w, https:\/\/chevaletprovence.fr\/wp-content\/uploads\/2023\/01\/83161c1b-cc07-4bcc-9b42-88755708bcd2-1140x1520.jpg 1140w, https:\/\/chevaletprovence.fr\/wp-content\/uploads\/2023\/01\/83161c1b-cc07-4bcc-9b42-88755708bcd2.jpg 1200w\" sizes=\"(max-width: 768px) 100vw, 768px\" \/><\/figure>\n\n\n\n<figure class=\"wp-block-image size-large\"><img loading=\"lazy\" decoding=\"async\" width=\"1024\" height=\"768\" data-id=\"517\" src=\"http:\/\/chevaletprovence.fr\/wp-content\/uploads\/2023\/01\/IMG_1102-1024x768.jpeg\" alt=\"\" class=\"wp-image-517\" srcset=\"https:\/\/chevaletprovence.fr\/wp-content\/uploads\/2023\/01\/IMG_1102-1024x768.jpeg 1024w, https:\/\/chevaletprovence.fr\/wp-content\/uploads\/2023\/01\/IMG_1102-300x225.jpeg 300w, https:\/\/chevaletprovence.fr\/wp-content\/uploads\/2023\/01\/IMG_1102-768x576.jpeg 768w, https:\/\/chevaletprovence.fr\/wp-content\/uploads\/2023\/01\/IMG_1102-1536x1152.jpeg 1536w, https:\/\/chevaletprovence.fr\/wp-content\/uploads\/2023\/01\/IMG_1102-2048x1536.jpeg 2048w, https:\/\/chevaletprovence.fr\/wp-content\/uploads\/2023\/01\/IMG_1102-1140x855.jpeg 1140w\" sizes=\"(max-width: 1024px) 100vw, 1024px\" \/><\/figure>\n\n\n\n<figure class=\"wp-block-image size-large\"><img loading=\"lazy\" decoding=\"async\" width=\"768\" height=\"1024\" data-id=\"519\" src=\"http:\/\/chevaletprovence.fr\/wp-content\/uploads\/2023\/01\/IMG_7503-768x1024.jpeg\" alt=\"\" class=\"wp-image-519\" srcset=\"https:\/\/chevaletprovence.fr\/wp-content\/uploads\/2023\/01\/IMG_7503-768x1024.jpeg 768w, https:\/\/chevaletprovence.fr\/wp-content\/uploads\/2023\/01\/IMG_7503-225x300.jpeg 225w, https:\/\/chevaletprovence.fr\/wp-content\/uploads\/2023\/01\/IMG_7503-1152x1536.jpeg 1152w, https:\/\/chevaletprovence.fr\/wp-content\/uploads\/2023\/01\/IMG_7503-1536x2048.jpeg 1536w, https:\/\/chevaletprovence.fr\/wp-content\/uploads\/2023\/01\/IMG_7503-1140x1520.jpeg 1140w, https:\/\/chevaletprovence.fr\/wp-content\/uploads\/2023\/01\/IMG_7503-scaled.jpeg 1920w\" sizes=\"(max-width: 768px) 100vw, 768px\" \/><\/figure>\n\n\n\n<figure class=\"wp-block-image size-large\"><img loading=\"lazy\" decoding=\"async\" width=\"768\" height=\"1024\" data-id=\"520\" src=\"http:\/\/chevaletprovence.fr\/wp-content\/uploads\/2023\/01\/IMG_7535-768x1024.jpeg\" alt=\"\" class=\"wp-image-520\" srcset=\"https:\/\/chevaletprovence.fr\/wp-content\/uploads\/2023\/01\/IMG_7535-768x1024.jpeg 768w, https:\/\/chevaletprovence.fr\/wp-content\/uploads\/2023\/01\/IMG_7535-225x300.jpeg 225w, https:\/\/chevaletprovence.fr\/wp-content\/uploads\/2023\/01\/IMG_7535-1152x1536.jpeg 1152w, https:\/\/chevaletprovence.fr\/wp-content\/uploads\/2023\/01\/IMG_7535-1536x2048.jpeg 1536w, https:\/\/chevaletprovence.fr\/wp-content\/uploads\/2023\/01\/IMG_7535-1140x1520.jpeg 1140w, https:\/\/chevaletprovence.fr\/wp-content\/uploads\/2023\/01\/IMG_7535-scaled.jpeg 1920w\" sizes=\"(max-width: 768px) 100vw, 768px\" \/><\/figure>\n\n\n\n<figure class=\"wp-block-image size-large\"><img loading=\"lazy\" decoding=\"async\" width=\"1024\" height=\"768\" data-id=\"518\" src=\"http:\/\/chevaletprovence.fr\/wp-content\/uploads\/2023\/01\/IMG_2569-1-1024x768.jpeg\" alt=\"\" class=\"wp-image-518\" srcset=\"https:\/\/chevaletprovence.fr\/wp-content\/uploads\/2023\/01\/IMG_2569-1-1024x768.jpeg 1024w, https:\/\/chevaletprovence.fr\/wp-content\/uploads\/2023\/01\/IMG_2569-1-300x225.jpeg 300w, https:\/\/chevaletprovence.fr\/wp-content\/uploads\/2023\/01\/IMG_2569-1-768x576.jpeg 768w, https:\/\/chevaletprovence.fr\/wp-content\/uploads\/2023\/01\/IMG_2569-1-1536x1152.jpeg 1536w, https:\/\/chevaletprovence.fr\/wp-content\/uploads\/2023\/01\/IMG_2569-1-2048x1536.jpeg 2048w, https:\/\/chevaletprovence.fr\/wp-content\/uploads\/2023\/01\/IMG_2569-1-1140x855.jpeg 1140w\" sizes=\"(max-width: 1024px) 100vw, 1024px\" \/><\/figure>\n<\/figure>\n","protected":false},"excerpt":{"rendered":"<p>Lors des vacances scolaires, notre club propose des stages ouverts \u00e0 tous et dont vous pouvez \u00e9tablir la dur\u00e9e sur les plages propos\u00e9es. Nous proposons de l&rsquo;initiation, du perfectionnement, la pr\u00e9paration aux Galops de la F\u00e9d\u00e9ration Fran\u00e7aise d&rsquo;\u00c9quitation ainsi que des stages \u00e0 th\u00e8mes. Nous informons nos aimables cavaliers que nous ne prenons pas la responsabilit\u00e9 de faire passer les examens des Galops F\u00e9d\u00e9raux aux non-membres. Pour conna\u00eetre nos futurs stages, nous vous invitons \u00e0 consulter la page Actualit\u00e9s. Vous pouvez prendre contact avec nous pour conna\u00eetre les tarifs propres \u00e0 chaque stage.<\/p>\n","protected":false},"author":1,"featured_media":0,"parent":0,"menu_order":0,"comment_status":"closed","ping_status":"closed","template":"","meta":{"footnotes":""},"class_list":["post-385","page","type-page","status-publish","hentry"],"_links":{"self":[{"href":"https:\/\/chevaletprovence.fr\/index.php\/wp-json\/wp\/v2\/pages\/385","targetHints":{"allow":["GET"]}}],"collection":[{"href":"https:\/\/chevaletprovence.fr\/index.php\/wp-json\/wp\/v2\/pages"}],"about":[{"href":"https:\/\/chevaletprovence.fr\/index.php\/wp-json\/wp\/v2\/types\/page"}],"author":[{"embeddable":true,"href":"https:\/\/chevaletprovence.fr\/index.php\/wp-json\/wp\/v2\/users\/1"}],"replies":[{"embeddable":true,"href":"https:\/\/chevaletprovence.fr\/index.php\/wp-json\/wp\/v2\/comments?post=385"}],"version-history":[{"count":6,"href":"https:\/\/chevaletprovence.fr\/index.php\/wp-json\/wp\/v2\/pages\/385\/revisions"}],"predecessor-version":[{"id":560,"href":"https:\/\/chevaletprovence.fr\/index.php\/wp-json\/wp\/v2\/pages\/385\/revisions\/560"}],"wp:attachment":[{"href":"https:\/\/chevaletprovence.fr\/index.php\/wp-json\/wp\/v2\/media?parent=385"}],"curies":[{"name":"wp","href":"https:\/\/api.w.org\/{rel}","templated":true}]}}