{"id":388,"date":"2023-01-05T11:47:49","date_gmt":"2023-01-05T10:47:49","guid":{"rendered":"http:\/\/chevaletprovence.fr\/?page_id=388"},"modified":"2023-01-06T21:23:31","modified_gmt":"2023-01-06T20:23:31","slug":"les-anniversaires","status":"publish","type":"page","link":"https:\/\/chevaletprovence.fr\/index.php\/les-anniversaires\/","title":{"rendered":"LES ANNIVERSAIRES"},"content":{"rendered":"\n<p>Vos enfants r\u00eavent d&rsquo;\u00e9quitation ? Ils sont passionn\u00e9s des chevaux, mais n&rsquo;ont pas l&rsquo;occasion de pratiquer ce sport ? Ou bien, ils ne peuvent se passer des \u00e9curies ? Offrez-leur un bel anniversaire au sein de notre Centre Equestre. <\/p>\n\n\n\n<p>Pour ce jour tr\u00e8s sp\u00e9cial, nous mettons \u00e0 disposition nos installations pour la matin\u00e9e ou l&rsquo;apr\u00e8s-midi. Une initiation avec nos poneys vous sera propos\u00e9e, adapt\u00e9e \u00e0 nos petits cavaliers. <\/p>\n\n\n\n<p>Pour davantage de d\u00e9tails ou pour un devis gratuit et sans engagement, nous vous invitons \u00e0 remplir le formulaire de notre page <a rel=\"noreferrer noopener\" href=\"http:\/\/chevaletprovence.fr\/index.php\/contact\/\" target=\"_blank\">contact<\/a>. <\/p>\n\n\n\n<figure class=\"wp-block-gallery has-nested-images columns-default is-cropped wp-block-gallery-1 is-layout-flex wp-block-gallery-is-layout-flex\">\n<figure class=\"wp-block-image size-large\"><img fetchpriority=\"high\" decoding=\"async\" width=\"768\" height=\"1024\" data-id=\"538\" src=\"http:\/\/chevaletprovence.fr\/wp-content\/uploads\/2023\/01\/IMG_3358-768x1024.jpeg\" alt=\"\" class=\"wp-image-538\" srcset=\"https:\/\/chevaletprovence.fr\/wp-content\/uploads\/2023\/01\/IMG_3358-768x1024.jpeg 768w, https:\/\/chevaletprovence.fr\/wp-content\/uploads\/2023\/01\/IMG_3358-225x300.jpeg 225w, https:\/\/chevaletprovence.fr\/wp-content\/uploads\/2023\/01\/IMG_3358-1152x1536.jpeg 1152w, https:\/\/chevaletprovence.fr\/wp-content\/uploads\/2023\/01\/IMG_3358-1536x2048.jpeg 1536w, https:\/\/chevaletprovence.fr\/wp-content\/uploads\/2023\/01\/IMG_3358-1140x1520.jpeg 1140w, https:\/\/chevaletprovence.fr\/wp-content\/uploads\/2023\/01\/IMG_3358-scaled.jpeg 1920w\" sizes=\"(max-width: 768px) 100vw, 768px\" \/><\/figure>\n\n\n\n<figure class=\"wp-block-image size-large\"><img decoding=\"async\" width=\"768\" height=\"1024\" data-id=\"539\" src=\"http:\/\/chevaletprovence.fr\/wp-content\/uploads\/2023\/01\/IMG_6794-768x1024.jpeg\" alt=\"\" class=\"wp-image-539\" srcset=\"https:\/\/chevaletprovence.fr\/wp-content\/uploads\/2023\/01\/IMG_6794-768x1024.jpeg 768w, https:\/\/chevaletprovence.fr\/wp-content\/uploads\/2023\/01\/IMG_6794-225x300.jpeg 225w, https:\/\/chevaletprovence.fr\/wp-content\/uploads\/2023\/01\/IMG_6794-1152x1536.jpeg 1152w, https:\/\/chevaletprovence.fr\/wp-content\/uploads\/2023\/01\/IMG_6794-1536x2048.jpeg 1536w, https:\/\/chevaletprovence.fr\/wp-content\/uploads\/2023\/01\/IMG_6794-1140x1520.jpeg 1140w, https:\/\/chevaletprovence.fr\/wp-content\/uploads\/2023\/01\/IMG_6794-scaled.jpeg 1920w\" sizes=\"(max-width: 768px) 100vw, 768px\" \/><\/figure>\n\n\n\n<figure class=\"wp-block-image size-large\"><img decoding=\"async\" width=\"768\" height=\"1024\" data-id=\"540\" src=\"http:\/\/chevaletprovence.fr\/wp-content\/uploads\/2023\/01\/IMG_6796-768x1024.jpeg\" alt=\"\" class=\"wp-image-540\" srcset=\"https:\/\/chevaletprovence.fr\/wp-content\/uploads\/2023\/01\/IMG_6796-768x1024.jpeg 768w, https:\/\/chevaletprovence.fr\/wp-content\/uploads\/2023\/01\/IMG_6796-225x300.jpeg 225w, https:\/\/chevaletprovence.fr\/wp-content\/uploads\/2023\/01\/IMG_6796-1152x1536.jpeg 1152w, https:\/\/chevaletprovence.fr\/wp-content\/uploads\/2023\/01\/IMG_6796-1536x2048.jpeg 1536w, https:\/\/chevaletprovence.fr\/wp-content\/uploads\/2023\/01\/IMG_6796-1140x1520.jpeg 1140w, https:\/\/chevaletprovence.fr\/wp-content\/uploads\/2023\/01\/IMG_6796-scaled.jpeg 1920w\" sizes=\"(max-width: 768px) 100vw, 768px\" \/><\/figure>\n\n\n\n<figure class=\"wp-block-image size-large\"><img loading=\"lazy\" decoding=\"async\" width=\"1024\" height=\"772\" data-id=\"537\" src=\"http:\/\/chevaletprovence.fr\/wp-content\/uploads\/2023\/01\/82BE742A-675E-43B0-918D-84C007796187-1024x772.jpg\" alt=\"\" class=\"wp-image-537\" srcset=\"https:\/\/chevaletprovence.fr\/wp-content\/uploads\/2023\/01\/82BE742A-675E-43B0-918D-84C007796187-1024x772.jpg 1024w, https:\/\/chevaletprovence.fr\/wp-content\/uploads\/2023\/01\/82BE742A-675E-43B0-918D-84C007796187-300x226.jpg 300w, https:\/\/chevaletprovence.fr\/wp-content\/uploads\/2023\/01\/82BE742A-675E-43B0-918D-84C007796187-768x579.jpg 768w, https:\/\/chevaletprovence.fr\/wp-content\/uploads\/2023\/01\/82BE742A-675E-43B0-918D-84C007796187-1140x860.jpg 1140w, https:\/\/chevaletprovence.fr\/wp-content\/uploads\/2023\/01\/82BE742A-675E-43B0-918D-84C007796187.jpg 1440w\" sizes=\"(max-width: 1024px) 100vw, 1024px\" \/><\/figure>\n<\/figure>\n","protected":false},"excerpt":{"rendered":"<p>Vos enfants r\u00eavent d&rsquo;\u00e9quitation ? Ils sont passionn\u00e9s des chevaux, mais n&rsquo;ont pas l&rsquo;occasion de pratiquer ce sport ? Ou bien, ils ne peuvent se passer des \u00e9curies ? Offrez-leur un bel anniversaire au sein de notre Centre Equestre. Pour ce jour tr\u00e8s sp\u00e9cial, nous mettons \u00e0 disposition nos installations pour la matin\u00e9e ou l&rsquo;apr\u00e8s-midi. Une initiation avec nos poneys vous sera propos\u00e9e, adapt\u00e9e \u00e0 nos petits cavaliers. Pour davantage de d\u00e9tails ou pour un devis gratuit et sans engagement, nous vous invitons \u00e0 remplir le formulaire de notre page contact.<\/p>\n","protected":false},"author":1,"featured_media":0,"parent":0,"menu_order":0,"comment_status":"closed","ping_status":"closed","template":"","meta":{"footnotes":""},"class_list":["post-388","page","type-page","status-publish","hentry"],"_links":{"self":[{"href":"https:\/\/chevaletprovence.fr\/index.php\/wp-json\/wp\/v2\/pages\/388","targetHints":{"allow":["GET"]}}],"collection":[{"href":"https:\/\/chevaletprovence.fr\/index.php\/wp-json\/wp\/v2\/pages"}],"about":[{"href":"https:\/\/chevaletprovence.fr\/index.php\/wp-json\/wp\/v2\/types\/page"}],"author":[{"embeddable":true,"href":"https:\/\/chevaletprovence.fr\/index.php\/wp-json\/wp\/v2\/users\/1"}],"replies":[{"embeddable":true,"href":"https:\/\/chevaletprovence.fr\/index.php\/wp-json\/wp\/v2\/comments?post=388"}],"version-history":[{"count":4,"href":"https:\/\/chevaletprovence.fr\/index.php\/wp-json\/wp\/v2\/pages\/388\/revisions"}],"predecessor-version":[{"id":561,"href":"https:\/\/chevaletprovence.fr\/index.php\/wp-json\/wp\/v2\/pages\/388\/revisions\/561"}],"wp:attachment":[{"href":"https:\/\/chevaletprovence.fr\/index.php\/wp-json\/wp\/v2\/media?parent=388"}],"curies":[{"name":"wp","href":"https:\/\/api.w.org\/{rel}","templated":true}]}}