{"id":393,"date":"2023-01-05T11:52:01","date_gmt":"2023-01-05T10:52:01","guid":{"rendered":"http:\/\/chevaletprovence.fr\/?page_id=393"},"modified":"2023-01-10T10:15:03","modified_gmt":"2023-01-10T09:15:03","slug":"les-groupes","status":"publish","type":"page","link":"https:\/\/chevaletprovence.fr\/index.php\/les-groupes\/","title":{"rendered":"ACCUEIL DES GROUPES"},"content":{"rendered":"\n<p>Notre club vous accueille toute l&rsquo;ann\u00e9e pour diverses prestations.&nbsp;Que vous soyez une \u00e9cole ayant un projet \u00e9ducatif et sportif autour de la d\u00e9couverte de l&rsquo;\u00e9quitation, ou un centre de loisirs \u00e0 la recherche d&rsquo;une journ\u00e9e d&rsquo;\u00e9vasion pour vos enfants, nous r\u00e9pondons pr\u00e9sent !<\/p>\n\n\n\n<p>Nous sommes \u00e9galement ouverts \u00e0 l&rsquo;organisation de prestations pour des groupes d&rsquo;ami(e)s et des familles pour un moment inoubliable.&nbsp;<\/p>\n\n\n\n<p>Nous vous invitons \u00e0 prendre contact avec nous via le formulaire de la page \u00ab\u00a0<a href=\"http:\/\/chevaletprovence.fr\/index.php\/contact\/\" target=\"_blank\" rel=\"noreferrer noopener\">contact<\/a>\u00a0\u00bb ou par t\u00e9l\u00e9phone afin de discuter de votre projet et d&rsquo;\u00e9tablir un devis gratuit et sans engagement.<\/p>\n\n\n\n<figure class=\"wp-block-gallery has-nested-images columns-default is-cropped wp-block-gallery-1 is-layout-flex wp-block-gallery-is-layout-flex\">\n<figure class=\"wp-block-image size-large\"><img fetchpriority=\"high\" decoding=\"async\" width=\"1024\" height=\"768\" data-id=\"582\" src=\"http:\/\/chevaletprovence.fr\/wp-content\/uploads\/2023\/01\/IMG_1102-1-1024x768.jpeg\" alt=\"\" class=\"wp-image-582\" srcset=\"https:\/\/chevaletprovence.fr\/wp-content\/uploads\/2023\/01\/IMG_1102-1-1024x768.jpeg 1024w, https:\/\/chevaletprovence.fr\/wp-content\/uploads\/2023\/01\/IMG_1102-1-300x225.jpeg 300w, https:\/\/chevaletprovence.fr\/wp-content\/uploads\/2023\/01\/IMG_1102-1-768x576.jpeg 768w, https:\/\/chevaletprovence.fr\/wp-content\/uploads\/2023\/01\/IMG_1102-1-1536x1152.jpeg 1536w, https:\/\/chevaletprovence.fr\/wp-content\/uploads\/2023\/01\/IMG_1102-1-2048x1536.jpeg 2048w, https:\/\/chevaletprovence.fr\/wp-content\/uploads\/2023\/01\/IMG_1102-1-1140x855.jpeg 1140w\" sizes=\"(max-width: 1024px) 100vw, 1024px\" \/><\/figure>\n\n\n\n<figure class=\"wp-block-image size-large\"><img decoding=\"async\" width=\"732\" height=\"1024\" data-id=\"584\" src=\"http:\/\/chevaletprovence.fr\/wp-content\/uploads\/2023\/01\/9a69a8eb-a1b9-4596-af36-815bbb7352ef-1-732x1024.jpg\" alt=\"\" class=\"wp-image-584\" srcset=\"https:\/\/chevaletprovence.fr\/wp-content\/uploads\/2023\/01\/9a69a8eb-a1b9-4596-af36-815bbb7352ef-1-732x1024.jpg 732w, https:\/\/chevaletprovence.fr\/wp-content\/uploads\/2023\/01\/9a69a8eb-a1b9-4596-af36-815bbb7352ef-1-214x300.jpg 214w, https:\/\/chevaletprovence.fr\/wp-content\/uploads\/2023\/01\/9a69a8eb-a1b9-4596-af36-815bbb7352ef-1-768x1074.jpg 768w, https:\/\/chevaletprovence.fr\/wp-content\/uploads\/2023\/01\/9a69a8eb-a1b9-4596-af36-815bbb7352ef-1-1098x1536.jpg 1098w, https:\/\/chevaletprovence.fr\/wp-content\/uploads\/2023\/01\/9a69a8eb-a1b9-4596-af36-815bbb7352ef-1.jpg 1133w\" sizes=\"(max-width: 732px) 100vw, 732px\" \/><\/figure>\n\n\n\n<figure class=\"wp-block-image size-large\"><img decoding=\"async\" width=\"768\" height=\"1024\" data-id=\"585\" src=\"http:\/\/chevaletprovence.fr\/wp-content\/uploads\/2023\/01\/83161c1b-cc07-4bcc-9b42-88755708bcd2-1-768x1024.jpg\" alt=\"\" class=\"wp-image-585\" srcset=\"https:\/\/chevaletprovence.fr\/wp-content\/uploads\/2023\/01\/83161c1b-cc07-4bcc-9b42-88755708bcd2-1-768x1024.jpg 768w, https:\/\/chevaletprovence.fr\/wp-content\/uploads\/2023\/01\/83161c1b-cc07-4bcc-9b42-88755708bcd2-1-225x300.jpg 225w, https:\/\/chevaletprovence.fr\/wp-content\/uploads\/2023\/01\/83161c1b-cc07-4bcc-9b42-88755708bcd2-1-1152x1536.jpg 1152w, https:\/\/chevaletprovence.fr\/wp-content\/uploads\/2023\/01\/83161c1b-cc07-4bcc-9b42-88755708bcd2-1-1140x1520.jpg 1140w, https:\/\/chevaletprovence.fr\/wp-content\/uploads\/2023\/01\/83161c1b-cc07-4bcc-9b42-88755708bcd2-1.jpg 1200w\" sizes=\"(max-width: 768px) 100vw, 768px\" \/><\/figure>\n<\/figure>\n","protected":false},"excerpt":{"rendered":"<p>Notre club vous accueille toute l&rsquo;ann\u00e9e pour diverses prestations.&nbsp;Que vous soyez une \u00e9cole ayant un projet \u00e9ducatif et sportif autour de la d\u00e9couverte de l&rsquo;\u00e9quitation, ou un centre de loisirs \u00e0 la recherche d&rsquo;une journ\u00e9e d&rsquo;\u00e9vasion pour vos enfants, nous r\u00e9pondons pr\u00e9sent ! Nous sommes \u00e9galement ouverts \u00e0 l&rsquo;organisation de prestations pour des groupes d&rsquo;ami(e)s et des familles pour un moment inoubliable.&nbsp; Nous vous invitons \u00e0 prendre contact avec nous via le formulaire de la page \u00ab\u00a0contact\u00a0\u00bb ou par t\u00e9l\u00e9phone afin de discuter de votre projet et d&rsquo;\u00e9tablir un devis gratuit et sans engagement.<\/p>\n","protected":false},"author":1,"featured_media":0,"parent":0,"menu_order":0,"comment_status":"closed","ping_status":"closed","template":"","meta":{"footnotes":""},"class_list":["post-393","page","type-page","status-publish","hentry"],"_links":{"self":[{"href":"https:\/\/chevaletprovence.fr\/index.php\/wp-json\/wp\/v2\/pages\/393","targetHints":{"allow":["GET"]}}],"collection":[{"href":"https:\/\/chevaletprovence.fr\/index.php\/wp-json\/wp\/v2\/pages"}],"about":[{"href":"https:\/\/chevaletprovence.fr\/index.php\/wp-json\/wp\/v2\/types\/page"}],"author":[{"embeddable":true,"href":"https:\/\/chevaletprovence.fr\/index.php\/wp-json\/wp\/v2\/users\/1"}],"replies":[{"embeddable":true,"href":"https:\/\/chevaletprovence.fr\/index.php\/wp-json\/wp\/v2\/comments?post=393"}],"version-history":[{"count":4,"href":"https:\/\/chevaletprovence.fr\/index.php\/wp-json\/wp\/v2\/pages\/393\/revisions"}],"predecessor-version":[{"id":586,"href":"https:\/\/chevaletprovence.fr\/index.php\/wp-json\/wp\/v2\/pages\/393\/revisions\/586"}],"wp:attachment":[{"href":"https:\/\/chevaletprovence.fr\/index.php\/wp-json\/wp\/v2\/media?parent=393"}],"curies":[{"name":"wp","href":"https:\/\/api.w.org\/{rel}","templated":true}]}}