{"id":398,"date":"2023-01-05T11:55:11","date_gmt":"2023-01-05T10:55:11","guid":{"rendered":"http:\/\/chevaletprovence.fr\/?page_id=398"},"modified":"2024-01-26T12:32:26","modified_gmt":"2024-01-26T11:32:26","slug":"accompagnement-en-concours","status":"publish","type":"page","link":"https:\/\/chevaletprovence.fr\/index.php\/accompagnement-en-concours\/","title":{"rendered":"ACCOMPAGNEMENT EN CONCOURS"},"content":{"rendered":"\n<p>Nos cavaliers licenci\u00e9s se voient proposer de participer \u00e0 des concours de saut d&rsquo;obstacles cinq \u00e0 six fois dans l&rsquo;ann\u00e9e, sans obligation d&rsquo;y participer. <\/p>\n\n\n\n<p>Nous proposons \u00e0 nos cavaliers deux types forfaits pour participer \u00e0 ces concours : <\/p>\n\n\n\n<p class=\"has-text-color\" style=\"color:#65402e\">\u2022 Forfait Cheval d&rsquo;\u00c9meraude \u2022<\/p>\n\n\n\n<p>Ce forfait comprend le d\u00e9placement et la mise \u00e0 disposition de la monture, ainsi qu&rsquo;un coaching sur place par un intervenant dipl\u00f4m\u00e9 d&rsquo;\u00c9tat.<br><br><em>Les frais d&rsquo;engagement restent \u00e0 charge du cavalier. <\/em><\/p>\n\n\n\n<p><\/p>\n\n\n<div class=\"wp-block-image\">\n<figure class=\"aligncenter size-full is-resized\"><img fetchpriority=\"high\" decoding=\"async\" width=\"1020\" height=\"736\" src=\"http:\/\/chevaletprovence.fr\/wp-content\/uploads\/2023\/01\/Capture-decran-2023-01-05-a-12.11.51.png\" alt=\"\" class=\"wp-image-407\" style=\"width:83px;height:60px\" srcset=\"https:\/\/chevaletprovence.fr\/wp-content\/uploads\/2023\/01\/Capture-decran-2023-01-05-a-12.11.51.png 1020w, https:\/\/chevaletprovence.fr\/wp-content\/uploads\/2023\/01\/Capture-decran-2023-01-05-a-12.11.51-300x216.png 300w, https:\/\/chevaletprovence.fr\/wp-content\/uploads\/2023\/01\/Capture-decran-2023-01-05-a-12.11.51-768x554.png 768w\" sizes=\"(max-width: 1020px) 100vw, 1020px\" \/><\/figure>\n<\/div>\n\n\n<p><\/p>\n\n\n\n<p class=\"has-text-color\" style=\"color:#65402e\">\u2022 Forfait Cheval de Saphir \u2022<\/p>\n\n\n\n<p>Cet accompagnement, comprenant le d\u00e9placement, la mise \u00e0 disposition de la monture et le coaching  par un intervenant dipl\u00f4m\u00e9 d&rsquo;\u00c9tat, est enrichit d&rsquo;une heure de cours suppl\u00e9mentaire pour vous pr\u00e9parer au concours.<br><br><em>Les frais d&rsquo;engagement restent \u00e0 charge du cavalier. <\/em><\/p>\n\n\n\n<figure class=\"wp-block-gallery has-nested-images columns-default is-cropped wp-block-gallery-1 is-layout-flex wp-block-gallery-is-layout-flex\">\n<figure class=\"wp-block-image size-large\"><img decoding=\"async\" width=\"640\" height=\"960\" data-id=\"495\" src=\"http:\/\/chevaletprovence.fr\/wp-content\/uploads\/2023\/01\/97b2b1fb-0c9f-4850-9eb2-41a3844fb75c.jpg\" alt=\"\" class=\"wp-image-495\" srcset=\"https:\/\/chevaletprovence.fr\/wp-content\/uploads\/2023\/01\/97b2b1fb-0c9f-4850-9eb2-41a3844fb75c.jpg 640w, https:\/\/chevaletprovence.fr\/wp-content\/uploads\/2023\/01\/97b2b1fb-0c9f-4850-9eb2-41a3844fb75c-200x300.jpg 200w\" sizes=\"(max-width: 640px) 100vw, 640px\" \/><\/figure>\n\n\n\n<figure class=\"wp-block-image size-large\"><img decoding=\"async\" width=\"768\" height=\"1024\" data-id=\"497\" src=\"http:\/\/chevaletprovence.fr\/wp-content\/uploads\/2023\/01\/IMG_3665-768x1024.jpeg\" alt=\"\" class=\"wp-image-497\" srcset=\"https:\/\/chevaletprovence.fr\/wp-content\/uploads\/2023\/01\/IMG_3665-768x1024.jpeg 768w, https:\/\/chevaletprovence.fr\/wp-content\/uploads\/2023\/01\/IMG_3665-225x300.jpeg 225w, https:\/\/chevaletprovence.fr\/wp-content\/uploads\/2023\/01\/IMG_3665-1152x1536.jpeg 1152w, https:\/\/chevaletprovence.fr\/wp-content\/uploads\/2023\/01\/IMG_3665-1536x2048.jpeg 1536w, https:\/\/chevaletprovence.fr\/wp-content\/uploads\/2023\/01\/IMG_3665-1140x1520.jpeg 1140w, https:\/\/chevaletprovence.fr\/wp-content\/uploads\/2023\/01\/IMG_3665-scaled.jpeg 1920w\" sizes=\"(max-width: 768px) 100vw, 768px\" \/><\/figure>\n\n\n\n<figure class=\"wp-block-image size-large\"><img loading=\"lazy\" decoding=\"async\" width=\"1024\" height=\"1022\" data-id=\"498\" src=\"http:\/\/chevaletprovence.fr\/wp-content\/uploads\/2023\/01\/IMG_6227-1024x1022.jpeg\" alt=\"\" class=\"wp-image-498\" srcset=\"https:\/\/chevaletprovence.fr\/wp-content\/uploads\/2023\/01\/IMG_6227-1024x1022.jpeg 1024w, https:\/\/chevaletprovence.fr\/wp-content\/uploads\/2023\/01\/IMG_6227-300x300.jpeg 300w, https:\/\/chevaletprovence.fr\/wp-content\/uploads\/2023\/01\/IMG_6227-150x150.jpeg 150w, https:\/\/chevaletprovence.fr\/wp-content\/uploads\/2023\/01\/IMG_6227-768x766.jpeg 768w, https:\/\/chevaletprovence.fr\/wp-content\/uploads\/2023\/01\/IMG_6227-1536x1532.jpeg 1536w, https:\/\/chevaletprovence.fr\/wp-content\/uploads\/2023\/01\/IMG_6227-2048x2043.jpeg 2048w, https:\/\/chevaletprovence.fr\/wp-content\/uploads\/2023\/01\/IMG_6227-1140x1137.jpeg 1140w, https:\/\/chevaletprovence.fr\/wp-content\/uploads\/2023\/01\/IMG_6227-75x75.jpeg 75w\" sizes=\"(max-width: 1024px) 100vw, 1024px\" \/><\/figure>\n\n\n\n<figure class=\"wp-block-image size-large\"><img loading=\"lazy\" decoding=\"async\" width=\"1024\" height=\"683\" data-id=\"499\" src=\"http:\/\/chevaletprovence.fr\/wp-content\/uploads\/2023\/01\/DSC_3937-1024x683.jpg\" alt=\"\" class=\"wp-image-499\" srcset=\"https:\/\/chevaletprovence.fr\/wp-content\/uploads\/2023\/01\/DSC_3937-1024x683.jpg 1024w, https:\/\/chevaletprovence.fr\/wp-content\/uploads\/2023\/01\/DSC_3937-300x200.jpg 300w, https:\/\/chevaletprovence.fr\/wp-content\/uploads\/2023\/01\/DSC_3937-768x513.jpg 768w, https:\/\/chevaletprovence.fr\/wp-content\/uploads\/2023\/01\/DSC_3937-1536x1025.jpg 1536w, https:\/\/chevaletprovence.fr\/wp-content\/uploads\/2023\/01\/DSC_3937-2048x1367.jpg 2048w, https:\/\/chevaletprovence.fr\/wp-content\/uploads\/2023\/01\/DSC_3937-1140x761.jpg 1140w\" sizes=\"(max-width: 1024px) 100vw, 1024px\" \/><\/figure>\n<\/figure>\n\n\n\n<p><\/p>\n\n\n\n<p>Nous informons nos aimables cavaliers que les propri\u00e9taires peuvent b\u00e9n\u00e9ficier d&rsquo;un prix sur nos prestations. <\/p>\n\n\n\n<p>Si vous souhaitez vous consacrer \u00e0 la comp\u00e9tition, nous vous invitons \u00e0 nous <a href=\"http:\/\/chevaletprovence.fr\/index.php\/contact\/\" target=\"_blank\" rel=\"noreferrer noopener\">contacter<\/a> afin que nous puissions \u00e9tablir la faisabilit\u00e9 de votre projet \u00e0 nos c\u00f4t\u00e9s ainsi qu&rsquo;un devis gratuit et sans engagement. <\/p>\n","protected":false},"excerpt":{"rendered":"<p>Nos cavaliers licenci\u00e9s se voient proposer de participer \u00e0 des concours de saut d&rsquo;obstacles cinq \u00e0 six fois dans l&rsquo;ann\u00e9e, sans obligation d&rsquo;y participer. Nous proposons \u00e0 nos cavaliers deux types forfaits pour participer \u00e0 ces concours : \u2022 Forfait Cheval d&rsquo;\u00c9meraude \u2022 Ce forfait comprend le d\u00e9placement et la mise \u00e0 disposition de la monture, ainsi qu&rsquo;un coaching sur place par un intervenant dipl\u00f4m\u00e9 d&rsquo;\u00c9tat. Les frais d&rsquo;engagement restent \u00e0 charge du cavalier. \u2022 Forfait Cheval de Saphir \u2022 Cet accompagnement, comprenant le d\u00e9placement, la mise \u00e0 disposition de la monture et le coaching par un intervenant dipl\u00f4m\u00e9 d&rsquo;\u00c9tat, est enrichit d&rsquo;une heure de cours suppl\u00e9mentaire pour vous pr\u00e9parer au concours. Les frais d&rsquo;engagement restent \u00e0 charge du cavalier. Nous informons nos aimables cavaliers que les propri\u00e9taires peuvent b\u00e9n\u00e9ficier d&rsquo;un prix sur nos prestations. Si vous souhaitez vous consacrer \u00e0 la comp\u00e9tition, nous vous invitons \u00e0 nous contacter afin que nous puissions \u00e9tablir la faisabilit\u00e9 de votre projet \u00e0 nos c\u00f4t\u00e9s ainsi qu&rsquo;un devis gratuit et sans engagement.<\/p>\n","protected":false},"author":1,"featured_media":0,"parent":0,"menu_order":0,"comment_status":"closed","ping_status":"closed","template":"","meta":{"footnotes":""},"class_list":["post-398","page","type-page","status-publish","hentry"],"_links":{"self":[{"href":"https:\/\/chevaletprovence.fr\/index.php\/wp-json\/wp\/v2\/pages\/398","targetHints":{"allow":["GET"]}}],"collection":[{"href":"https:\/\/chevaletprovence.fr\/index.php\/wp-json\/wp\/v2\/pages"}],"about":[{"href":"https:\/\/chevaletprovence.fr\/index.php\/wp-json\/wp\/v2\/types\/page"}],"author":[{"embeddable":true,"href":"https:\/\/chevaletprovence.fr\/index.php\/wp-json\/wp\/v2\/users\/1"}],"replies":[{"embeddable":true,"href":"https:\/\/chevaletprovence.fr\/index.php\/wp-json\/wp\/v2\/comments?post=398"}],"version-history":[{"count":9,"href":"https:\/\/chevaletprovence.fr\/index.php\/wp-json\/wp\/v2\/pages\/398\/revisions"}],"predecessor-version":[{"id":1601,"href":"https:\/\/chevaletprovence.fr\/index.php\/wp-json\/wp\/v2\/pages\/398\/revisions\/1601"}],"wp:attachment":[{"href":"https:\/\/chevaletprovence.fr\/index.php\/wp-json\/wp\/v2\/media?parent=398"}],"curies":[{"name":"wp","href":"https:\/\/api.w.org\/{rel}","templated":true}]}}