{"id":571,"date":"2023-01-10T10:01:35","date_gmt":"2023-01-10T09:01:35","guid":{"rendered":"http:\/\/chevaletprovence.fr\/?page_id=571"},"modified":"2025-06-20T11:19:28","modified_gmt":"2025-06-20T09:19:28","slug":"tarifs","status":"publish","type":"page","link":"https:\/\/chevaletprovence.fr\/index.php\/tarifs\/","title":{"rendered":"TARIFS"},"content":{"rendered":"\n<p><\/p>\n\n\n\n<p>Nos tarifs pour les cours sont disponibles \u00e0 la demande afin que nous \u00e9tablissions avec vous la formule qui correspond \u00e0 vos attentes. Nous avons \u00e0 coeur d&rsquo;offrir les meilleures alternative tarifaire en fonction de votre approche de ce sport. D\u00e9butant(e) ou exp\u00e9riment\u00e9(e), nous avons forc\u00e9ment <em>la <\/em>formule id\u00e9ale pour vous. <\/p>\n\n\n\n<h5 class=\"wp-block-heading has-text-align-center has-text-color\" style=\"color:#65402e\">&#8211; LICENCE OBLIGATOIRE DE LA F.F.E &#8211;<\/h5>\n\n\n\n<p>Licence annuelle pour les mineurs : 29\u20ac (nouveau tarif 2026)<\/p>\n\n\n\n<p>Licence annuelle pour les majeurs : 40\u20ac (nouveau tarif 2026)<\/p>\n\n\n\n<p>Nous informons nos aimables cavaliers que le club pratique les tarifs de la F\u00e9d\u00e9ration Fran\u00e7aise d&rsquo;Equitation et que nous nous occupons de la gestion administrative.<\/p>\n\n\n\n<p><\/p>\n\n\n<div class=\"wp-block-image is-resized\">\n<figure class=\"aligncenter size-full\"><img fetchpriority=\"high\" decoding=\"async\" width=\"1020\" height=\"736\" src=\"http:\/\/chevaletprovence.fr\/wp-content\/uploads\/2023\/01\/Capture-decran-2023-01-05-a-12.11.51.png\" alt=\"\" class=\"wp-image-407\" style=\"width:78px;height:auto\" srcset=\"https:\/\/chevaletprovence.fr\/wp-content\/uploads\/2023\/01\/Capture-decran-2023-01-05-a-12.11.51.png 1020w, https:\/\/chevaletprovence.fr\/wp-content\/uploads\/2023\/01\/Capture-decran-2023-01-05-a-12.11.51-300x216.png 300w, https:\/\/chevaletprovence.fr\/wp-content\/uploads\/2023\/01\/Capture-decran-2023-01-05-a-12.11.51-768x554.png 768w\" sizes=\"(max-width: 1020px) 100vw, 1020px\" \/><\/figure>\n<\/div>\n\n\n<p><\/p>\n\n\n\n<h5 class=\"wp-block-heading has-text-align-center has-text-color\" style=\"color:#65402e\">&#8211; TARIFS DES COURS &#8211;<\/h5>\n\n\n\n<p><em>Nous proposons diff\u00e9rentes formules pour une pratique de l&rsquo;\u00e9quitation correspondant \u00e0 vos besoins.<\/em><\/p>\n\n\n\n<p class=\"has-text-align-center has-text-color\" style=\"color:#65402e\">\u2022 Les cours collectifs \u2022<\/p>\n\n\n\n<p>Nous vous proposons deux forfaits, l&rsquo;un d&rsquo;une heure par semaine \u00e0 raison de 32 cours sur l&rsquo;ann\u00e9e scolaire, l&rsquo;autre de deux heures par semaine \u00e0 raison de 64 cours sur l&rsquo;ann\u00e9e scolaire. <\/p>\n\n\n\n<p><em><strong>Ajustement des tarifs tout au long de l&rsquo;ann\u00e9e en fonction de la date d&rsquo;inscription et du nombre de cours restants, d\u00e9tail sur demande. <\/strong><\/em><\/p>\n\n\n\n<p><\/p>\n\n\n\n<p class=\"has-text-align-center has-text-color\" style=\"color:#65402e\">\u2022 Les cours particuliers \u2022<\/p>\n\n\n\n<p>Cheval et Provence propose des cours particuliers \u00e0 ses licenci\u00e9s, mais aussi aux personnes de l&rsquo;ext\u00e9rieur. Vivez un moment privil\u00e9gi\u00e9 durant un cours d&rsquo;une heure (hors pr\u00e9paration de la monture). Les cours particuliers peuvent \u00eatre pris seul ou jusqu&rsquo;\u00e0 quatre personnes. <strong style=\"font-style: italic;\"> <\/strong><\/p>\n\n\n\n<p><\/p>\n\n\n\n<p class=\"has-text-align-center has-text-color\" style=\"color:#65402e\">\u2022 Tarifs sp\u00e9ciaux pour demi-pensions et pensions \u2022<\/p>\n\n\n\n<p>Nos aimables cavaliers propri\u00e9taires et avec un forfait de demi-pension ont acc\u00e8s \u00e0 des tarifs pr\u00e9f\u00e9rentiels pour les cours. <\/p>\n\n\n<div class=\"wp-block-image is-resized\">\n<figure class=\"aligncenter size-full\"><img fetchpriority=\"high\" decoding=\"async\" width=\"1020\" height=\"736\" src=\"http:\/\/chevaletprovence.fr\/wp-content\/uploads\/2023\/01\/Capture-decran-2023-01-05-a-12.11.51.png\" alt=\"\" class=\"wp-image-407\" style=\"width:78px;height:auto\" srcset=\"https:\/\/chevaletprovence.fr\/wp-content\/uploads\/2023\/01\/Capture-decran-2023-01-05-a-12.11.51.png 1020w, https:\/\/chevaletprovence.fr\/wp-content\/uploads\/2023\/01\/Capture-decran-2023-01-05-a-12.11.51-300x216.png 300w, https:\/\/chevaletprovence.fr\/wp-content\/uploads\/2023\/01\/Capture-decran-2023-01-05-a-12.11.51-768x554.png 768w\" sizes=\"(max-width: 1020px) 100vw, 1020px\" \/><\/figure>\n<\/div>\n\n\n<h5 class=\"wp-block-heading has-text-align-center has-text-color\" style=\"color:#65402e\">&#8211; TARIFS DES DEMI-PENSIONS &amp; PENSIONS &#8211;<\/h5>\n\n\n\n<p class=\"has-text-align-left\">D\u00e9couvrez le d\u00e9tails de nos formules sur les pages&nbsp;<a rel=\"noreferrer noopener\" href=\"http:\/\/chevaletprovence.fr\/index.php\/nos-pensions\/\" target=\"_blank\">Nos pensions<\/a>&nbsp;et&nbsp;<a href=\"http:\/\/chevaletprovence.fr\/index.php\/la-demi-pension\/\">La demi-pension<\/a>.<\/p>\n\n\n\n<figure class=\"wp-block-table\"><table><tbody><tr><td class=\"has-text-align-center\" data-align=\"center\"><strong>DEMI-PENSION<\/strong><\/td><td class=\"has-text-align-center\" data-align=\"center\"><strong>PENSION BOX<\/strong><\/td><td class=\"has-text-align-center\" data-align=\"center\"><strong>PENSION PADDOCK<\/strong><\/td><td class=\"has-text-align-center\" data-align=\"center\"><strong>PENSION RETRAITE<\/strong><\/td><\/tr><tr><td class=\"has-text-align-center\" data-align=\"center\">237\u20ac \/ mois<br>(Formule Demi-pension &amp; cours particuliers<br>ou \u00ab\u00a0Demi-pension &amp; cours collectifs\u00a0\u00bb)<\/td><td class=\"has-text-align-center\" data-align=\"center\">450\u20ac \/ mois<\/td><td class=\"has-text-align-center\" data-align=\"center\">350\u20ac \/ mois<\/td><td class=\"has-text-align-center\" data-align=\"center\">Sur devis<\/td><\/tr><\/tbody><\/table><\/figure>\n\n\n\n<p><\/p>\n\n\n<div class=\"wp-block-image is-resized\">\n<figure class=\"aligncenter size-full\"><img fetchpriority=\"high\" decoding=\"async\" width=\"1020\" height=\"736\" src=\"http:\/\/chevaletprovence.fr\/wp-content\/uploads\/2023\/01\/Capture-decran-2023-01-05-a-12.11.51.png\" alt=\"\" class=\"wp-image-407\" style=\"width:78px;height:auto\" srcset=\"https:\/\/chevaletprovence.fr\/wp-content\/uploads\/2023\/01\/Capture-decran-2023-01-05-a-12.11.51.png 1020w, https:\/\/chevaletprovence.fr\/wp-content\/uploads\/2023\/01\/Capture-decran-2023-01-05-a-12.11.51-300x216.png 300w, https:\/\/chevaletprovence.fr\/wp-content\/uploads\/2023\/01\/Capture-decran-2023-01-05-a-12.11.51-768x554.png 768w\" sizes=\"(max-width: 1020px) 100vw, 1020px\" \/><\/figure>\n<\/div>\n\n\n<h5 class=\"wp-block-heading has-text-align-center has-text-color\" style=\"color:#65402e\">&#8211; TARIFS DES BALADES &#8211;<\/h5>\n\n\n\n<p class=\"has-text-align-left\">Pour plus de d\u00e9tails sur nos balades, rendez-vous sur la page&nbsp;<a href=\"http:\/\/chevaletprovence.fr\/index.php\/balades\/\" target=\"_blank\" rel=\"noreferrer noopener\">Les Balades<\/a>.<\/p>\n\n\n\n<figure class=\"wp-block-table\"><table><tbody><tr><td class=\"has-text-align-center\" data-align=\"center\"><strong>La balade des Petitous<\/strong><\/td><td class=\"has-text-align-center\" data-align=\"center\"><strong>La balade Proven\u00e7ale<\/strong> <strong>(Non-Adherant)<\/strong><\/td><\/tr><tr><td class=\"has-text-align-center\" data-align=\"center\">15\u20ac<\/td><td class=\"has-text-align-center\" data-align=\"center\">55\u20ac<\/td><\/tr><\/tbody><\/table><\/figure>\n\n\n\n<p><\/p>\n\n\n<div class=\"wp-block-image is-resized\">\n<figure class=\"aligncenter size-full\"><img fetchpriority=\"high\" decoding=\"async\" width=\"1020\" height=\"736\" src=\"http:\/\/chevaletprovence.fr\/wp-content\/uploads\/2023\/01\/Capture-decran-2023-01-05-a-12.11.51.png\" alt=\"\" class=\"wp-image-407\" style=\"width:78px;height:auto\" srcset=\"https:\/\/chevaletprovence.fr\/wp-content\/uploads\/2023\/01\/Capture-decran-2023-01-05-a-12.11.51.png 1020w, https:\/\/chevaletprovence.fr\/wp-content\/uploads\/2023\/01\/Capture-decran-2023-01-05-a-12.11.51-300x216.png 300w, https:\/\/chevaletprovence.fr\/wp-content\/uploads\/2023\/01\/Capture-decran-2023-01-05-a-12.11.51-768x554.png 768w\" sizes=\"(max-width: 1020px) 100vw, 1020px\" \/><\/figure>\n<\/div>\n\n\n<h5 class=\"wp-block-heading has-text-align-center has-text-color\" style=\"color:#65402e\">&#8211; ACCOMPAGNEMENT AUX CONCOURS &#8211;<\/h5>\n\n\n\n<p>Nous informons nos aimables cavaliers que nous proposons six concours dans l&rsquo;ann\u00e9e \u00e0 nos licenci\u00e9s auxquels ils sont libres de participer ou non. Si vous souhaitez vous engagez davantage sur les concours avec un accompagnement personnalis\u00e9, merci de nous contacter.<\/p>\n\n\n\n<p>Les tarifs suivants s&rsquo;appliquent dans le cadre des C.S.O propos\u00e9s \u00e0 nos licenci\u00e9s :<\/p>\n\n\n\n<figure class=\"wp-block-table\"><table><tbody><tr><td class=\"has-text-align-center\" data-align=\"center\"><strong>FORFAIT CHEVAL D&rsquo;\u00c9MERAUDE<\/strong><br>(d\u00e9tails de la prestation&nbsp;<a href=\"http:\/\/chevaletprovence.fr\/index.php\/accompagnement-en-concours\/\" target=\"_blank\" rel=\"noreferrer noopener\">ici<\/a>)<\/td><td class=\"has-text-align-center\" data-align=\"center\"><strong>FORFAIT CHEVAL DE SAPHIR<\/strong><br>(d\u00e9tails de la prestation&nbsp;<a href=\"http:\/\/chevaletprovence.fr\/index.php\/accompagnement-en-concours\/\" target=\"_blank\" rel=\"noreferrer noopener\">ici<\/a>)<\/td><\/tr><tr><td class=\"has-text-align-center\" data-align=\"center\">sur demande <\/td><td class=\"has-text-align-center\" data-align=\"center\">sur demande <\/td><\/tr><\/tbody><\/table><\/figure>\n\n\n\n<p><\/p>\n\n\n\n<p><em>Pour tout renseignement, nous vous invitons \u00e0 nous contacter. <\/em><\/p>\n\n\n\n<p><\/p>\n","protected":false},"excerpt":{"rendered":"<p>Nos tarifs pour les cours sont disponibles \u00e0 la demande afin que nous \u00e9tablissions avec vous la formule qui correspond \u00e0 vos attentes. Nous avons \u00e0 coeur d&rsquo;offrir les meilleures alternative tarifaire en fonction de votre approche de ce sport. D\u00e9butant(e) ou exp\u00e9riment\u00e9(e), nous avons forc\u00e9ment la formule id\u00e9ale pour vous. &#8211; LICENCE OBLIGATOIRE DE LA F.F.E &#8211; Licence annuelle pour les mineurs : 29\u20ac (nouveau tarif 2026) Licence annuelle pour les majeurs : 40\u20ac (nouveau tarif 2026) Nous informons nos aimables cavaliers que le club pratique les tarifs de la F\u00e9d\u00e9ration Fran\u00e7aise d&rsquo;Equitation et que nous nous occupons de la gestion administrative. &#8211; TARIFS DES COURS &#8211; Nous proposons diff\u00e9rentes formules pour une pratique de l&rsquo;\u00e9quitation correspondant \u00e0 vos besoins. \u2022 Les cours collectifs \u2022 Nous vous proposons deux forfaits, l&rsquo;un d&rsquo;une heure par semaine \u00e0 raison de 32 cours sur l&rsquo;ann\u00e9e scolaire, l&rsquo;autre de deux heures par semaine \u00e0 raison de 64 cours sur l&rsquo;ann\u00e9e scolaire. Ajustement des tarifs tout au long de l&rsquo;ann\u00e9e en fonction de la date d&rsquo;inscription et du nombre de cours restants, d\u00e9tail sur demande. \u2022 Les cours particuliers \u2022 Cheval et Provence propose des cours particuliers \u00e0 ses licenci\u00e9s, mais aussi aux personnes de l&rsquo;ext\u00e9rieur. Vivez un moment privil\u00e9gi\u00e9 durant un cours d&rsquo;une heure (hors pr\u00e9paration de la monture). Les cours particuliers peuvent \u00eatre pris seul ou jusqu&rsquo;\u00e0 quatre personnes. \u2022 Tarifs sp\u00e9ciaux pour demi-pensions et pensions \u2022 Nos aimables cavaliers propri\u00e9taires et avec un forfait de demi-pension ont acc\u00e8s \u00e0 des tarifs pr\u00e9f\u00e9rentiels pour les cours. &#8211; TARIFS DES DEMI-PENSIONS &amp; PENSIONS &#8211; D\u00e9couvrez le d\u00e9tails de nos formules sur les pages&nbsp;Nos pensions&nbsp;et&nbsp;La demi-pension. DEMI-PENSION PENSION BOX PENSION PADDOCK PENSION RETRAITE 237\u20ac \/ mois(Formule Demi-pension &amp; cours particuliersou \u00ab\u00a0Demi-pension &amp; cours collectifs\u00a0\u00bb) 450\u20ac \/ mois 350\u20ac \/ mois Sur devis &#8211; TARIFS DES BALADES &#8211; Pour plus de d\u00e9tails sur nos balades, rendez-vous sur la page&nbsp;Les Balades. La balade des Petitous La balade Proven\u00e7ale (Non-Adherant) 15\u20ac 55\u20ac &#8211; ACCOMPAGNEMENT AUX CONCOURS &#8211; Nous informons nos aimables cavaliers que nous proposons six concours dans l&rsquo;ann\u00e9e \u00e0 nos licenci\u00e9s auxquels ils sont libres de participer ou non. Si vous souhaitez vous engagez davantage sur les concours avec un accompagnement personnalis\u00e9, merci de nous contacter. Les tarifs suivants s&rsquo;appliquent dans le cadre des C.S.O propos\u00e9s \u00e0 nos licenci\u00e9s : FORFAIT CHEVAL D&rsquo;\u00c9MERAUDE(d\u00e9tails de la prestation&nbsp;ici) FORFAIT CHEVAL DE SAPHIR(d\u00e9tails de la prestation&nbsp;ici) sur demande sur demande Pour tout renseignement, nous vous invitons \u00e0 nous contacter.<\/p>\n","protected":false},"author":1,"featured_media":0,"parent":0,"menu_order":0,"comment_status":"closed","ping_status":"closed","template":"","meta":{"footnotes":""},"class_list":["post-571","page","type-page","status-publish","hentry"],"_links":{"self":[{"href":"https:\/\/chevaletprovence.fr\/index.php\/wp-json\/wp\/v2\/pages\/571","targetHints":{"allow":["GET"]}}],"collection":[{"href":"https:\/\/chevaletprovence.fr\/index.php\/wp-json\/wp\/v2\/pages"}],"about":[{"href":"https:\/\/chevaletprovence.fr\/index.php\/wp-json\/wp\/v2\/types\/page"}],"author":[{"embeddable":true,"href":"https:\/\/chevaletprovence.fr\/index.php\/wp-json\/wp\/v2\/users\/1"}],"replies":[{"embeddable":true,"href":"https:\/\/chevaletprovence.fr\/index.php\/wp-json\/wp\/v2\/comments?post=571"}],"version-history":[{"count":25,"href":"https:\/\/chevaletprovence.fr\/index.php\/wp-json\/wp\/v2\/pages\/571\/revisions"}],"predecessor-version":[{"id":6672,"href":"https:\/\/chevaletprovence.fr\/index.php\/wp-json\/wp\/v2\/pages\/571\/revisions\/6672"}],"wp:attachment":[{"href":"https:\/\/chevaletprovence.fr\/index.php\/wp-json\/wp\/v2\/media?parent=571"}],"curies":[{"name":"wp","href":"https:\/\/api.w.org\/{rel}","templated":true}]}}