{"id":590,"date":"2023-01-10T10:20:13","date_gmt":"2023-01-10T09:20:13","guid":{"rendered":"http:\/\/chevaletprovence.fr\/?page_id=590"},"modified":"2025-10-13T11:57:12","modified_gmt":"2025-10-13T09:57:12","slug":"la-demi-pension","status":"publish","type":"page","link":"https:\/\/chevaletprovence.fr\/index.php\/la-demi-pension\/","title":{"rendered":"LA DEMI-PENSION"},"content":{"rendered":"\n<p>La joie de partager un lien privil\u00e9gi\u00e9 avec un cheval sans l&rsquo;engagement financier de la pleine propri\u00e9t\u00e9. <\/p>\n\n\n\n<p>Nous mettons \u00e0 votre disposition l&rsquo;un des \u00e9quid\u00e9s de notre cavalerie pour d\u00e9couvrir le plaisir d&rsquo;un lien particulier partag\u00e9 et une autre fa\u00e7on de voir l&rsquo;\u00e9quitation. <\/p>\n\n\n\n<p>La demi-pension implique de choisir votre monture avec nous pour vous accompagner au mieux dans vos projets et vos ambitions \u00e9questres. Vous pourrez effectuer des essais afin de voir avec qui le courant passe au mieux. <\/p>\n\n\n\n<p>Une fois votre \u00e9quid\u00e9 s\u00e9lectionn\u00e9, vous avez la possibilit\u00e9 de choisir entre deux formules entre lesquelles vous pouvez naviguer librement : <\/p>\n\n\n\n<p>\u2022 Formule Demi-pension &amp; cours particuliers \u2022<\/p>\n\n\n\n<p>B\u00e9n\u00e9ficiez d&rsquo;un cours particulier par semaine en solo avec un coach dipl\u00f4m\u00e9 d&rsquo;\u00c9tat qui saura vous faire progresser et vous accompagner dans vos envies vis \u00e0 vis de notre sport. <\/p>\n\n\n\n<p><\/p>\n\n\n<div class=\"wp-block-image\">\n<figure class=\"aligncenter size-full is-resized\"><img fetchpriority=\"high\" decoding=\"async\" width=\"1020\" height=\"736\" src=\"http:\/\/chevaletprovence.fr\/wp-content\/uploads\/2023\/01\/Capture-decran-2023-01-05-a-12.11.51.png\" alt=\"\" class=\"wp-image-407\" style=\"width:83px;height:60px\" srcset=\"https:\/\/chevaletprovence.fr\/wp-content\/uploads\/2023\/01\/Capture-decran-2023-01-05-a-12.11.51.png 1020w, https:\/\/chevaletprovence.fr\/wp-content\/uploads\/2023\/01\/Capture-decran-2023-01-05-a-12.11.51-300x216.png 300w, https:\/\/chevaletprovence.fr\/wp-content\/uploads\/2023\/01\/Capture-decran-2023-01-05-a-12.11.51-768x554.png 768w\" sizes=\"(max-width: 1020px) 100vw, 1020px\" \/><\/figure>\n<\/div>\n\n\n<p><\/p>\n\n\n\n<p>\u2022 Formule Demi-pension &amp; cours collectifs \u2022<\/p>\n\n\n\n<p>Participez \u00e0 deux cours collectifs par semaine (le mardi, mercredi ou le samedi) durant la p\u00e9riode scolaire de la zone B. Vous pouvez librement opter pour la formule \u00ab\u00a0cours particuliers\u00a0\u00bb durant les vacances scolaires.<\/p>\n\n\n\n<p><\/p>\n\n\n<div class=\"wp-block-image\">\n<figure class=\"aligncenter size-full is-resized\"><img fetchpriority=\"high\" decoding=\"async\" width=\"1020\" height=\"736\" src=\"http:\/\/chevaletprovence.fr\/wp-content\/uploads\/2023\/01\/Capture-decran-2023-01-05-a-12.11.51.png\" alt=\"\" class=\"wp-image-407\" style=\"width:83px;height:60px\" srcset=\"https:\/\/chevaletprovence.fr\/wp-content\/uploads\/2023\/01\/Capture-decran-2023-01-05-a-12.11.51.png 1020w, https:\/\/chevaletprovence.fr\/wp-content\/uploads\/2023\/01\/Capture-decran-2023-01-05-a-12.11.51-300x216.png 300w, https:\/\/chevaletprovence.fr\/wp-content\/uploads\/2023\/01\/Capture-decran-2023-01-05-a-12.11.51-768x554.png 768w\" sizes=\"(max-width: 1020px) 100vw, 1020px\" \/><\/figure>\n<\/div>\n\n\n<p><\/p>\n\n\n\n<p>La demi-pension vous offre la possibilit\u00e9 de venir monter en dehors des heures de cours et de stages librement et sans sur-co\u00fbt. \u00c0 l&rsquo;image des propri\u00e9taires, vous avez acc\u00e8s \u00e0 des tarifs pr\u00e9f\u00e9rentiels sur certaines de nos prestations. La demi-pension a l&rsquo;avantage de voir certains soins encadr\u00e9s par le contrat \u00eatre \u00e0 la charge du club (par exemple pour la ferrure et le dentiste). <\/p>\n\n\n\n<p>L&rsquo;ensemble des d\u00e9tails et des conditions demeurent soumis \u00e0 la signature d&rsquo;un contrat. <\/p>\n\n\n\n<p>\u2022 Nos chevaux disponibles \u2022<\/p>\n\n\n<div class=\"wp-block-image\">\n<figure class=\"aligncenter size-large\"><img decoding=\"async\" width=\"1024\" height=\"683\" src=\"http:\/\/chevaletprovence.fr\/wp-content\/uploads\/2025\/02\/ab0ced3e-8e7f-4ba0-a014-2c2eb131b95a-1024x683.jpg\" alt=\"\" class=\"wp-image-5182\" srcset=\"https:\/\/chevaletprovence.fr\/wp-content\/uploads\/2025\/02\/ab0ced3e-8e7f-4ba0-a014-2c2eb131b95a-1024x683.jpg 1024w, https:\/\/chevaletprovence.fr\/wp-content\/uploads\/2025\/02\/ab0ced3e-8e7f-4ba0-a014-2c2eb131b95a-300x200.jpg 300w, https:\/\/chevaletprovence.fr\/wp-content\/uploads\/2025\/02\/ab0ced3e-8e7f-4ba0-a014-2c2eb131b95a-768x512.jpg 768w, https:\/\/chevaletprovence.fr\/wp-content\/uploads\/2025\/02\/ab0ced3e-8e7f-4ba0-a014-2c2eb131b95a-1536x1024.jpg 1536w, https:\/\/chevaletprovence.fr\/wp-content\/uploads\/2025\/02\/ab0ced3e-8e7f-4ba0-a014-2c2eb131b95a-2048x1366.jpg 2048w, https:\/\/chevaletprovence.fr\/wp-content\/uploads\/2025\/02\/ab0ced3e-8e7f-4ba0-a014-2c2eb131b95a-1140x760.jpg 1140w\" sizes=\"(max-width: 1024px) 100vw, 1024px\" \/><\/figure>\n<\/div>\n\n\n<p>Victor de Couret (dit Django)<\/p>\n\n\n\n<p>\u00c2ge : 16 ans (2009)<\/p>\n\n\n\n<p>Taille : Poney D<\/p>\n\n\n\n<p><em>Django est un poney \u00e0 l&rsquo;aise sur les concours avec de l&rsquo;exp\u00e9rience en CSO et Hunter. Au club, il fait \u00e9galement de la voltige. C\u00e2lin et attentionn\u00e9 envers son (ou sa) cavalier(\u00e8re) il sera un partenaire formidable pour de l&rsquo;\u00e9quitation de loisir ou de concours. <\/em><\/p>\n\n\n\n<hr class=\"wp-block-separator has-alpha-channel-opacity\"\/>\n\n\n<div class=\"wp-block-image\">\n<figure class=\"aligncenter size-large\"><img decoding=\"async\" width=\"1024\" height=\"683\" src=\"http:\/\/chevaletprovence.fr\/wp-content\/uploads\/2025\/02\/MPS_2058-1-1024x683.jpg\" alt=\"\" class=\"wp-image-5184\" srcset=\"https:\/\/chevaletprovence.fr\/wp-content\/uploads\/2025\/02\/MPS_2058-1-1024x683.jpg 1024w, https:\/\/chevaletprovence.fr\/wp-content\/uploads\/2025\/02\/MPS_2058-1-300x200.jpg 300w, https:\/\/chevaletprovence.fr\/wp-content\/uploads\/2025\/02\/MPS_2058-1-768x512.jpg 768w\" sizes=\"(max-width: 1024px) 100vw, 1024px\" \/><\/figure>\n<\/div>\n\n\n<p>Halbatar (dit Halba)<\/p>\n\n\n\n<p>\u00c2ge : 8 ans (2017)<\/p>\n\n\n\n<p>Taille : Poney D<\/p>\n\n\n\n<p><em>Halba est id\u00e9al pour un(e) cavalier(\u00e8re) confirm\u00e9(e). Avec un potentiel riche, il sort d\u00e9j\u00e0 en concours club et amateur (CSO). D&rsquo;un caract\u00e8re calme et facile, il sait s&rsquo;adapter en cours \u00e0 nos d\u00e9butants. Si vous \u00eates pr\u00eat(e) \u00e0 \u00e9voluer avec un cheval \u00e0 fort potentiel, Halba sera le partenaire parfait. <\/em><\/p>\n\n\n\n<hr class=\"wp-block-separator has-alpha-channel-opacity\"\/>\n\n\n<div class=\"wp-block-image\">\n<figure class=\"aligncenter size-large\"><img loading=\"lazy\" decoding=\"async\" width=\"768\" height=\"1024\" src=\"https:\/\/chevaletprovence.fr\/wp-content\/uploads\/2025\/02\/IMG_0196-768x1024.jpg\" alt=\"\" class=\"wp-image-5185\" srcset=\"https:\/\/chevaletprovence.fr\/wp-content\/uploads\/2025\/02\/IMG_0196-768x1024.jpg 768w, https:\/\/chevaletprovence.fr\/wp-content\/uploads\/2025\/02\/IMG_0196-225x300.jpg 225w, https:\/\/chevaletprovence.fr\/wp-content\/uploads\/2025\/02\/IMG_0196-1152x1536.jpg 1152w, https:\/\/chevaletprovence.fr\/wp-content\/uploads\/2025\/02\/IMG_0196-1536x2048.jpg 1536w, https:\/\/chevaletprovence.fr\/wp-content\/uploads\/2025\/02\/IMG_0196-1140x1520.jpg 1140w, https:\/\/chevaletprovence.fr\/wp-content\/uploads\/2025\/02\/IMG_0196-scaled.jpg 1920w\" sizes=\"(max-width: 768px) 100vw, 768px\" \/><\/figure>\n<\/div>\n\n\n<p>Mister P\u00e9gase<\/p>\n\n\n\n<p>\u00c2ge : 3 ans (2022)<\/p>\n\n\n\n<p>Taille : 1m42 (en f\u00e9vrier 2025)<\/p>\n\n\n\n<p><em>Mister P\u00e9gase est un jeune poney destin\u00e9 \u00e0 des cavaliers(\u00e8res) confirm\u00e9s(es) qui souhaitent \u00e9voluer avec un cheval tout juste d\u00e9bourr\u00e9. Tr\u00e8s proche de l&rsquo;Homme et tr\u00e8s joueur, il est la gentillesse incarn\u00e9e. Actuellement il fait les cours \u00e0 partir du Galop 2 et va commencer le travail \u00e0 l&rsquo;obstacle pour un avenir dans les concours. <\/em><\/p>\n\n\n\n<hr class=\"wp-block-separator has-alpha-channel-opacity\"\/>\n\n\n<div class=\"wp-block-image\">\n<figure class=\"aligncenter size-large\"><img loading=\"lazy\" decoding=\"async\" width=\"1024\" height=\"675\" src=\"https:\/\/chevaletprovence.fr\/wp-content\/uploads\/2025\/02\/IMG_3546-1024x675.jpg\" alt=\"\" class=\"wp-image-5189\" srcset=\"https:\/\/chevaletprovence.fr\/wp-content\/uploads\/2025\/02\/IMG_3546-1024x675.jpg 1024w, https:\/\/chevaletprovence.fr\/wp-content\/uploads\/2025\/02\/IMG_3546-300x198.jpg 300w, https:\/\/chevaletprovence.fr\/wp-content\/uploads\/2025\/02\/IMG_3546-768x507.jpg 768w, https:\/\/chevaletprovence.fr\/wp-content\/uploads\/2025\/02\/IMG_3546-1536x1013.jpg 1536w, https:\/\/chevaletprovence.fr\/wp-content\/uploads\/2025\/02\/IMG_3546-2048x1351.jpg 2048w, https:\/\/chevaletprovence.fr\/wp-content\/uploads\/2025\/02\/IMG_3546-1140x752.jpg 1140w\" sizes=\"(max-width: 1024px) 100vw, 1024px\" \/><\/figure>\n<\/div>\n\n\n<p>Viking des Orcets (dit Viking)<\/p>\n\n\n\n<p>\u00c2ge : 16 ans (2009)<\/p>\n\n\n\n<p>Taille : 1m55<\/p>\n\n\n\n<p><em>Viking est un cheval porteur id\u00e9al pour le loisir ou le dressage. Calme et affectueux, il reste un cheval de trait dont il faut assumer la corpulence. Coqueluche des petits et des grands au club, il sera un compagnon parfait pour ceux qui ont de l&rsquo;amour et des carottes \u00e0 donner. <\/em><\/p>\n\n\n\n<hr class=\"wp-block-separator has-alpha-channel-opacity\"\/>\n\n\n<div class=\"wp-block-image\">\n<figure class=\"aligncenter size-large\"><img loading=\"lazy\" decoding=\"async\" width=\"768\" height=\"1024\" src=\"https:\/\/chevaletprovence.fr\/wp-content\/uploads\/2025\/02\/IMG_9895-768x1024.jpg\" alt=\"\" class=\"wp-image-5190\" srcset=\"https:\/\/chevaletprovence.fr\/wp-content\/uploads\/2025\/02\/IMG_9895-768x1024.jpg 768w, https:\/\/chevaletprovence.fr\/wp-content\/uploads\/2025\/02\/IMG_9895-225x300.jpg 225w, https:\/\/chevaletprovence.fr\/wp-content\/uploads\/2025\/02\/IMG_9895-1152x1536.jpg 1152w, https:\/\/chevaletprovence.fr\/wp-content\/uploads\/2025\/02\/IMG_9895-1536x2048.jpg 1536w, https:\/\/chevaletprovence.fr\/wp-content\/uploads\/2025\/02\/IMG_9895-1140x1520.jpg 1140w, https:\/\/chevaletprovence.fr\/wp-content\/uploads\/2025\/02\/IMG_9895-scaled.jpg 1920w\" sizes=\"(max-width: 768px) 100vw, 768px\" \/><\/figure>\n<\/div>\n\n\n<p>Alezia du Naberon (dit Myrtille)<\/p>\n\n\n\n<p>\u00c2ge : 15 ans (2010)<\/p>\n\n\n\n<p>Taille : Poney B<\/p>\n\n\n\n<p><em>Myrtille est un poney dynamique qui a un temp\u00e9rament demandant un(e) cavalier(\u00e8re) qui sache s&rsquo;imposer. Douce lors des soins, elle sort en concours (CSO et Dressage) et sera sur la piste \u00e0 l&rsquo;image de son (sa) cavalier(\u00e8re). Nous vous invitons \u00e0 venir la rencontrer car sa petite taille nous rend plus s\u00e9lectifs sur les cavaliers. <\/em><\/p>\n\n\n\n<hr class=\"wp-block-separator has-alpha-channel-opacity\"\/>\n\n\n<div class=\"wp-block-image\">\n<figure class=\"aligncenter size-large\"><img loading=\"lazy\" decoding=\"async\" width=\"768\" height=\"1024\" src=\"http:\/\/chevaletprovence.fr\/wp-content\/uploads\/2025\/02\/71403357653__CC9F1755-925B-4226-8D1D-B6ABD5D75411-768x1024.jpg\" alt=\"\" class=\"wp-image-5191\" srcset=\"https:\/\/chevaletprovence.fr\/wp-content\/uploads\/2025\/02\/71403357653__CC9F1755-925B-4226-8D1D-B6ABD5D75411-768x1024.jpg 768w, https:\/\/chevaletprovence.fr\/wp-content\/uploads\/2025\/02\/71403357653__CC9F1755-925B-4226-8D1D-B6ABD5D75411-225x300.jpg 225w, https:\/\/chevaletprovence.fr\/wp-content\/uploads\/2025\/02\/71403357653__CC9F1755-925B-4226-8D1D-B6ABD5D75411-1152x1536.jpg 1152w, https:\/\/chevaletprovence.fr\/wp-content\/uploads\/2025\/02\/71403357653__CC9F1755-925B-4226-8D1D-B6ABD5D75411-1536x2048.jpg 1536w, https:\/\/chevaletprovence.fr\/wp-content\/uploads\/2025\/02\/71403357653__CC9F1755-925B-4226-8D1D-B6ABD5D75411-1140x1520.jpg 1140w, https:\/\/chevaletprovence.fr\/wp-content\/uploads\/2025\/02\/71403357653__CC9F1755-925B-4226-8D1D-B6ABD5D75411-scaled.jpg 1920w\" sizes=\"(max-width: 768px) 100vw, 768px\" \/><\/figure>\n<\/div>\n\n\n<p>Balzane<\/p>\n\n\n\n<p>\u00c2ge : 14 ans (2011)<\/p>\n\n\n\n<p>Taille : 1m50<\/p>\n\n\n\n<p><em>Balzane est une adorable jument tr\u00e8s douce avec les petits et les grands. Volontaire, elle fera tout pour satisfaire son (sa) cavalier(\u00e8re). Parfaite pour le loisir ou la voltige, un(e) cavalier(\u00e8re) plut\u00f4t s\u00fbr(e) de lui (elle) fera la combinaison id\u00e9ale. <\/em><\/p>\n\n\n\n<p>Pour plus de renseignements, nous demeurons disponibles via la page <a rel=\"noreferrer noopener\" href=\"http:\/\/chevaletprovence.fr\/index.php\/contact\/\" target=\"_blank\">contact<\/a>.<\/p>\n\n\n\n<p><\/p>\n\n\n\n<figure class=\"wp-block-gallery has-nested-images columns-default is-cropped wp-block-gallery-1 is-layout-flex wp-block-gallery-is-layout-flex\">\n<figure class=\"wp-block-image size-large\"><img loading=\"lazy\" decoding=\"async\" width=\"768\" height=\"1024\" data-id=\"602\" src=\"http:\/\/chevaletprovence.fr\/wp-content\/uploads\/2023\/01\/IMG_2443-768x1024.jpeg\" alt=\"\" class=\"wp-image-602\" srcset=\"https:\/\/chevaletprovence.fr\/wp-content\/uploads\/2023\/01\/IMG_2443-768x1024.jpeg 768w, https:\/\/chevaletprovence.fr\/wp-content\/uploads\/2023\/01\/IMG_2443-225x300.jpeg 225w, https:\/\/chevaletprovence.fr\/wp-content\/uploads\/2023\/01\/IMG_2443-1152x1536.jpeg 1152w, https:\/\/chevaletprovence.fr\/wp-content\/uploads\/2023\/01\/IMG_2443-1536x2048.jpeg 1536w, https:\/\/chevaletprovence.fr\/wp-content\/uploads\/2023\/01\/IMG_2443-1140x1520.jpeg 1140w, https:\/\/chevaletprovence.fr\/wp-content\/uploads\/2023\/01\/IMG_2443-scaled.jpeg 1920w\" sizes=\"(max-width: 768px) 100vw, 768px\" \/><\/figure>\n\n\n\n<figure class=\"wp-block-image size-large\"><img loading=\"lazy\" decoding=\"async\" width=\"768\" height=\"1024\" data-id=\"603\" src=\"http:\/\/chevaletprovence.fr\/wp-content\/uploads\/2023\/01\/IMG_6653-768x1024.jpeg\" alt=\"\" class=\"wp-image-603\" srcset=\"https:\/\/chevaletprovence.fr\/wp-content\/uploads\/2023\/01\/IMG_6653-768x1024.jpeg 768w, https:\/\/chevaletprovence.fr\/wp-content\/uploads\/2023\/01\/IMG_6653-225x300.jpeg 225w, https:\/\/chevaletprovence.fr\/wp-content\/uploads\/2023\/01\/IMG_6653-1152x1536.jpeg 1152w, https:\/\/chevaletprovence.fr\/wp-content\/uploads\/2023\/01\/IMG_6653-1536x2048.jpeg 1536w, https:\/\/chevaletprovence.fr\/wp-content\/uploads\/2023\/01\/IMG_6653-1140x1520.jpeg 1140w, https:\/\/chevaletprovence.fr\/wp-content\/uploads\/2023\/01\/IMG_6653-scaled.jpeg 1920w\" sizes=\"(max-width: 768px) 100vw, 768px\" \/><\/figure>\n\n\n\n<figure class=\"wp-block-image size-large\"><img loading=\"lazy\" decoding=\"async\" width=\"1024\" height=\"683\" data-id=\"604\" src=\"http:\/\/chevaletprovence.fr\/wp-content\/uploads\/2023\/01\/DSC9161-Exposure2-1024x683.jpg\" alt=\"\" class=\"wp-image-604\" srcset=\"https:\/\/chevaletprovence.fr\/wp-content\/uploads\/2023\/01\/DSC9161-Exposure2-1024x683.jpg 1024w, https:\/\/chevaletprovence.fr\/wp-content\/uploads\/2023\/01\/DSC9161-Exposure2-300x200.jpg 300w, https:\/\/chevaletprovence.fr\/wp-content\/uploads\/2023\/01\/DSC9161-Exposure2-768x512.jpg 768w, https:\/\/chevaletprovence.fr\/wp-content\/uploads\/2023\/01\/DSC9161-Exposure2-1536x1024.jpg 1536w, https:\/\/chevaletprovence.fr\/wp-content\/uploads\/2023\/01\/DSC9161-Exposure2-2048x1365.jpg 2048w, https:\/\/chevaletprovence.fr\/wp-content\/uploads\/2023\/01\/DSC9161-Exposure2-1140x760.jpg 1140w\" sizes=\"(max-width: 1024px) 100vw, 1024px\" \/><\/figure>\n<\/figure>\n","protected":false},"excerpt":{"rendered":"<p>La joie de partager un lien privil\u00e9gi\u00e9 avec un cheval sans l&rsquo;engagement financier de la pleine propri\u00e9t\u00e9. Nous mettons \u00e0 votre disposition l&rsquo;un des \u00e9quid\u00e9s de notre cavalerie pour d\u00e9couvrir le plaisir d&rsquo;un lien particulier partag\u00e9 et une autre fa\u00e7on de voir l&rsquo;\u00e9quitation. La demi-pension implique de choisir votre monture avec nous pour vous accompagner au mieux dans vos projets et vos ambitions \u00e9questres. Vous pourrez effectuer des essais afin de voir avec qui le courant passe au mieux. Une fois votre \u00e9quid\u00e9 s\u00e9lectionn\u00e9, vous avez la possibilit\u00e9 de choisir entre deux formules entre lesquelles vous pouvez naviguer librement : \u2022 Formule Demi-pension &amp; cours particuliers \u2022 B\u00e9n\u00e9ficiez d&rsquo;un cours particulier par semaine en solo avec un coach dipl\u00f4m\u00e9 d&rsquo;\u00c9tat qui saura vous faire progresser et vous accompagner dans vos envies vis \u00e0 vis de notre sport. \u2022 Formule Demi-pension &amp; cours collectifs \u2022 Participez \u00e0 deux cours collectifs par semaine (le mardi, mercredi ou le samedi) durant la p\u00e9riode scolaire de la zone B. Vous pouvez librement opter pour la formule \u00ab\u00a0cours particuliers\u00a0\u00bb durant les vacances scolaires. La demi-pension vous offre la possibilit\u00e9 de venir monter en dehors des heures de cours et de stages librement et sans sur-co\u00fbt. \u00c0 l&rsquo;image des propri\u00e9taires, vous avez acc\u00e8s \u00e0 des tarifs pr\u00e9f\u00e9rentiels sur certaines de nos prestations. La demi-pension a l&rsquo;avantage de voir certains soins encadr\u00e9s par le contrat \u00eatre \u00e0 la charge du club (par exemple pour la ferrure et le dentiste). L&rsquo;ensemble des d\u00e9tails et des conditions demeurent soumis \u00e0 la signature d&rsquo;un contrat. \u2022 Nos chevaux disponibles \u2022 Victor de Couret (dit Django) \u00c2ge : 16 ans (2009) Taille : Poney D Django est un poney \u00e0 l&rsquo;aise sur les concours avec de l&rsquo;exp\u00e9rience en CSO et Hunter. Au club, il fait \u00e9galement de la voltige. C\u00e2lin et attentionn\u00e9 envers son (ou sa) cavalier(\u00e8re) il sera un partenaire formidable pour de l&rsquo;\u00e9quitation de loisir ou de concours. Halbatar (dit Halba) \u00c2ge : 8 ans (2017) Taille : Poney D Halba est id\u00e9al pour un(e) cavalier(\u00e8re) confirm\u00e9(e). Avec un potentiel riche, il sort d\u00e9j\u00e0 en concours club et amateur (CSO). D&rsquo;un caract\u00e8re calme et facile, il sait s&rsquo;adapter en cours \u00e0 nos d\u00e9butants. Si vous \u00eates pr\u00eat(e) \u00e0 \u00e9voluer avec un cheval \u00e0 fort potentiel, Halba sera le partenaire parfait. Mister P\u00e9gase \u00c2ge : 3 ans (2022) Taille : 1m42 (en f\u00e9vrier 2025) Mister P\u00e9gase est un jeune poney destin\u00e9 \u00e0 des cavaliers(\u00e8res) confirm\u00e9s(es) qui souhaitent \u00e9voluer avec un cheval tout juste d\u00e9bourr\u00e9. Tr\u00e8s proche de l&rsquo;Homme et tr\u00e8s joueur, il est la gentillesse incarn\u00e9e. Actuellement il fait les cours \u00e0 partir du Galop 2 et va commencer le travail \u00e0 l&rsquo;obstacle pour un avenir dans les concours. Viking des Orcets (dit Viking) \u00c2ge : 16 ans (2009) Taille : 1m55 Viking est un cheval porteur id\u00e9al pour le loisir ou le dressage. Calme et affectueux, il reste un cheval de trait dont il faut assumer la corpulence. Coqueluche des petits et des grands au club, il sera un compagnon parfait pour ceux qui ont de l&rsquo;amour et des carottes \u00e0 donner. Alezia du Naberon (dit Myrtille) \u00c2ge : 15 ans (2010) Taille : Poney B Myrtille est un poney dynamique qui a un temp\u00e9rament demandant un(e) cavalier(\u00e8re) qui sache s&rsquo;imposer. Douce lors des soins, elle sort en concours (CSO et Dressage) et sera sur la piste \u00e0 l&rsquo;image de son (sa) cavalier(\u00e8re). Nous vous invitons \u00e0 venir la rencontrer car sa petite taille nous rend plus s\u00e9lectifs sur les cavaliers. Balzane \u00c2ge : 14 ans (2011) Taille : 1m50 Balzane est une adorable jument tr\u00e8s douce avec les petits et les grands. Volontaire, elle fera tout pour satisfaire son (sa) cavalier(\u00e8re). Parfaite pour le loisir ou la voltige, un(e) cavalier(\u00e8re) plut\u00f4t s\u00fbr(e) de lui (elle) fera la combinaison id\u00e9ale. Pour plus de renseignements, nous demeurons disponibles via la page contact.<\/p>\n","protected":false},"author":1,"featured_media":0,"parent":0,"menu_order":0,"comment_status":"closed","ping_status":"closed","template":"","meta":{"footnotes":""},"class_list":["post-590","page","type-page","status-publish","hentry"],"_links":{"self":[{"href":"https:\/\/chevaletprovence.fr\/index.php\/wp-json\/wp\/v2\/pages\/590","targetHints":{"allow":["GET"]}}],"collection":[{"href":"https:\/\/chevaletprovence.fr\/index.php\/wp-json\/wp\/v2\/pages"}],"about":[{"href":"https:\/\/chevaletprovence.fr\/index.php\/wp-json\/wp\/v2\/types\/page"}],"author":[{"embeddable":true,"href":"https:\/\/chevaletprovence.fr\/index.php\/wp-json\/wp\/v2\/users\/1"}],"replies":[{"embeddable":true,"href":"https:\/\/chevaletprovence.fr\/index.php\/wp-json\/wp\/v2\/comments?post=590"}],"version-history":[{"count":7,"href":"https:\/\/chevaletprovence.fr\/index.php\/wp-json\/wp\/v2\/pages\/590\/revisions"}],"predecessor-version":[{"id":5192,"href":"https:\/\/chevaletprovence.fr\/index.php\/wp-json\/wp\/v2\/pages\/590\/revisions\/5192"}],"wp:attachment":[{"href":"https:\/\/chevaletprovence.fr\/index.php\/wp-json\/wp\/v2\/media?parent=590"}],"curies":[{"name":"wp","href":"https:\/\/api.w.org\/{rel}","templated":true}]}}